{"id":2342,"date":"2022-10-07T01:18:45","date_gmt":"2022-10-06T22:18:45","guid":{"rendered":"https:\/\/muhtarsweets.com\/?page_id=2342"},"modified":"2022-10-13T11:22:53","modified_gmt":"2022-10-13T08:22:53","slug":"gizlilik-sozlesmesi-2","status":"publish","type":"page","link":"https:\/\/muhtarsweets.com\/tr\/gizlilik-sozlesmesi-2\/","title":{"rendered":"Gizlilik S\u00f6zle\u015fmesi"},"content":{"rendered":"\n<p>Kisisel bilgileriniz (ad, e-posta adresi, posta adresi, kredi karti bilgileri, satin aldiklariniz vb.) kesinlikle baska kisi ve kuruluslara verilmez<\/p>\n\n\n\n<p>\u00dcye olurken verdiginiz t\u00fcm bilgilere sadece siz ulasabilir ve siz degistirebilirsiniz. Baska birinin sizinle ilgili bilgilere ulasmasi ve bunlari degistirmesi m\u00fcmk\u00fcn degildir.<\/p>\n\n\n\n<p>Sitemizde bilgileriniz tutulamaz ve kaydedilemez. Istediginiz zaman \u00fcyeliginizden ayrilabilirsiniz.<\/p>\n\n\n\n<p>Sitemizde kisisel bilgileriniz koruma altindadir \u00dcyelik ve siparis islemleri ger\u00e7eklesmesi sirasinda girilen bilgiler SSL g\u00fcvenlik sistemiyle korunmaktadir<\/p>\n\n\n\n<p>M\u00fcsteri bilgileriniz \u00fc\u00e7\u00fcnc\u00fc sahislarin erisiminden ve m\u00fcdahalesinden korunmaktadir. Bu ama\u00e7la, \u00fcyelik islemleri sirasinda 128 bit SSL g\u00fcvenlik alani i\u00e7inde hareket edilir Bu, pratik olarak kirilmasi m\u00fcmk\u00fcn olmayan bir sifrelemedir ve uluslararasi bir standarttir.<\/p>\n\n\n\n<p>Islemler s\u00fcrecine girmenizle birlikte g\u00fcvenli bir sitede oldugunuzu anlamak i\u00e7in dikkat etmeniz gereken iki sey vardir. Bunlardan ilki browserinizin alt satirinda bulunan bir anahtar ya da kilit simgesidir. \u00d6rnegin Internet Explorer programinda bu sari renkli bir kilittir. Buna ek olarak i\u00e7inde oldugunuz sayfanin adresinin basindaki http:\/\/ , https:\/\/ olarak degisir. Bu g\u00fcvenli alanda oldugunuzu ifade eder.<\/p>\n\n\n\n<p>Islemlerinizle ilgili bilgileriniz sifrelenerek korunur Islemlerinizle ilgili bilgileriniz sifrelenerek korunur. Bu bilgiler, ancak satis islemleri s\u00fcrecine bagli olarak ve verdiginiz talimat istikametinde kullanilir. \u00dc\u00e7\u00fcnc\u00fc kisilerin paylasimina sunulmaz, devredilmez.<\/p>\n\n\n\n<p><\/p>\n\n\n\n<p><\/p>\n","protected":false},"excerpt":{"rendered":"<p>Kisisel bilgileriniz (ad, e-posta adresi, posta adresi, kredi karti bilgileri, satin aldiklariniz vb.) kesinlikle baska kisi ve kuruluslara verilmez \u00dcye olurken verdiginiz t\u00fcm bilgilere sadece siz ulasabilir ve siz degistirebilirsiniz. Baska birinin sizinle ilgili bilgilere ulasmasi ve bunlari degistirmesi m\u00fcmk\u00fcn degildir. Sitemizde bilgileriniz tutulamaz ve kaydedilemez. Istediginiz zaman \u00fcyeliginizden ayrilabilirsiniz. Sitemizde kisisel bilgileriniz koruma altindadir [&hellip;]<\/p>\n","protected":false},"author":1,"featured_media":0,"parent":0,"menu_order":0,"comment_status":"closed","ping_status":"closed","template":"","meta":{"_monsterinsights_skip_tracking":false,"_monsterinsights_sitenote_active":false,"_monsterinsights_sitenote_note":"","_monsterinsights_sitenote_category":0,"ocean_post_layout":"","ocean_both_sidebars_style":"","ocean_both_sidebars_content_width":0,"ocean_both_sidebars_sidebars_width":0,"ocean_sidebar":"0","ocean_second_sidebar":"0","ocean_disable_margins":"enable","ocean_add_body_class":"","ocean_shortcode_before_top_bar":"","ocean_shortcode_after_top_bar":"","ocean_shortcode_before_header":"","ocean_shortcode_after_header":"","ocean_has_shortcode":"","ocean_shortcode_after_title":"","ocean_shortcode_before_footer_widgets":"","ocean_shortcode_after_footer_widgets":"","ocean_shortcode_before_footer_bottom":"","ocean_shortcode_after_footer_bottom":"","ocean_display_top_bar":"default","ocean_display_header":"default","ocean_header_style":"","ocean_center_header_left_menu":"0","ocean_custom_header_template":"0","ocean_custom_logo":0,"ocean_custom_retina_logo":0,"ocean_custom_logo_max_width":0,"ocean_custom_logo_tablet_max_width":0,"ocean_custom_logo_mobile_max_width":0,"ocean_custom_logo_max_height":0,"ocean_custom_logo_tablet_max_height":0,"ocean_custom_logo_mobile_max_height":0,"ocean_header_custom_menu":"0","ocean_menu_typo_font_family":"0","ocean_menu_typo_font_subset":"","ocean_menu_typo_font_size":0,"ocean_menu_typo_font_size_tablet":0,"ocean_menu_typo_font_size_mobile":0,"ocean_menu_typo_font_size_unit":"px","ocean_menu_typo_font_weight":"","ocean_menu_typo_font_weight_tablet":"","ocean_menu_typo_font_weight_mobile":"","ocean_menu_typo_transform":"","ocean_menu_typo_transform_tablet":"","ocean_menu_typo_transform_mobile":"","ocean_menu_typo_line_height":0,"ocean_menu_typo_line_height_tablet":0,"ocean_menu_typo_line_height_mobile":0,"ocean_menu_typo_line_height_unit":"","ocean_menu_typo_spacing":0,"ocean_menu_typo_spacing_tablet":0,"ocean_menu_typo_spacing_mobile":0,"ocean_menu_typo_spacing_unit":"","ocean_menu_link_color":"","ocean_menu_link_color_hover":"","ocean_menu_link_color_active":"","ocean_menu_link_background":"","ocean_menu_link_hover_background":"","ocean_menu_link_active_background":"","ocean_menu_social_links_bg":"","ocean_menu_social_hover_links_bg":"","ocean_menu_social_links_color":"","ocean_menu_social_hover_links_color":"","ocean_disable_title":"default","ocean_disable_heading":"default","ocean_post_title":"","ocean_post_subheading":"","ocean_post_title_style":"","ocean_post_title_background_color":"","ocean_post_title_background":0,"ocean_post_title_bg_image_position":"","ocean_post_title_bg_image_attachment":"","ocean_post_title_bg_image_repeat":"","ocean_post_title_bg_image_size":"","ocean_post_title_height":0,"ocean_post_title_bg_overlay":0.5,"ocean_post_title_bg_overlay_color":"","ocean_disable_breadcrumbs":"default","ocean_breadcrumbs_color":"","ocean_breadcrumbs_separator_color":"","ocean_breadcrumbs_links_color":"","ocean_breadcrumbs_links_hover_color":"","ocean_display_footer_widgets":"default","ocean_display_footer_bottom":"default","ocean_custom_footer_template":"0","osh_disable_topbar_sticky":"default","osh_disable_header_sticky":"default","osh_sticky_header_style":"default","osh_sticky_header_effect":"","osh_custom_sticky_logo":0,"osh_custom_retina_sticky_logo":0,"osh_custom_sticky_logo_height":0,"osh_background_color":"","osh_links_color":"","osh_links_hover_color":"","osh_links_active_color":"","osh_links_bg_color":"","osh_links_hover_bg_color":"","osh_links_active_bg_color":"","osh_menu_social_links_color":"","osh_menu_social_hover_links_color":"","footnotes":""},"class_list":["post-2342","page","type-page","status-publish","hentry","entry","owp-thumbs-layout-vertical","owp-btn-big","owp-tabs-layout-horizontal","has-no-thumbnails","has-product-nav"],"yoast_head":"<!-- This site is optimized with the Yoast SEO Premium plugin v18.2.1 (Yoast SEO v27.4) - https:\/\/yoast.com\/product\/yoast-seo-premium-wordpress\/ -->\n<title>Gizlilik S\u00f6zle\u015fmesi - Muhtar Sweets<\/title>\n<meta name=\"robots\" content=\"index, follow, max-snippet:-1, max-image-preview:large, max-video-preview:-1\" \/>\n<link rel=\"canonical\" href=\"https:\/\/muhtarsweets.com\/tr\/gizlilik-sozlesmesi-2\/\" \/>\n<meta property=\"og:locale\" content=\"tr_TR\" \/>\n<meta property=\"og:type\" content=\"article\" \/>\n<meta property=\"og:title\" content=\"Gizlilik S\u00f6zle\u015fmesi\" \/>\n<meta property=\"og:description\" content=\"%\" \/>\n<meta property=\"og:url\" content=\"https:\/\/muhtarsweets.com\/tr\/gizlilik-sozlesmesi-2\/\" \/>\n<meta property=\"og:site_name\" content=\"Muhtar Sweets\" \/>\n<meta property=\"article:publisher\" content=\"https:\/\/www.facebook.com\/muhtarsweets\" \/>\n<meta property=\"article:modified_time\" content=\"2022-10-13T08:22:53+00:00\" \/>\n<meta name=\"twitter:card\" content=\"summary_large_image\" \/>\n<meta name=\"twitter:label1\" content=\"Tahmini okuma s\u00fcresi\" \/>\n\t<meta name=\"twitter:data1\" content=\"1 dakika\" \/>\n<script type=\"application\/ld+json\" class=\"yoast-schema-graph\">{\"@context\":\"https:\\\/\\\/schema.org\",\"@graph\":[{\"@type\":\"WebPage\",\"@id\":\"https:\\\/\\\/muhtarsweets.com\\\/tr\\\/gizlilik-sozlesmesi-2\\\/\",\"url\":\"https:\\\/\\\/muhtarsweets.com\\\/tr\\\/gizlilik-sozlesmesi-2\\\/\",\"name\":\"Gizlilik S\u00f6zle\u015fmesi - Muhtar Sweets\",\"isPartOf\":{\"@id\":\"https:\\\/\\\/muhtarsweets.com\\\/tr\\\/#website\"},\"datePublished\":\"2022-10-06T22:18:45+00:00\",\"dateModified\":\"2022-10-13T08:22:53+00:00\",\"breadcrumb\":{\"@id\":\"https:\\\/\\\/muhtarsweets.com\\\/tr\\\/gizlilik-sozlesmesi-2\\\/#breadcrumb\"},\"inLanguage\":\"tr\",\"potentialAction\":[{\"@type\":\"ReadAction\",\"target\":[\"https:\\\/\\\/muhtarsweets.com\\\/tr\\\/gizlilik-sozlesmesi-2\\\/\"]}]},{\"@type\":\"BreadcrumbList\",\"@id\":\"https:\\\/\\\/muhtarsweets.com\\\/tr\\\/gizlilik-sozlesmesi-2\\\/#breadcrumb\",\"itemListElement\":[{\"@type\":\"ListItem\",\"position\":1,\"name\":\"Home\",\"item\":\"https:\\\/\\\/muhtarsweets.com\\\/tr\\\/ana-sayfa\\\/\"},{\"@type\":\"ListItem\",\"position\":2,\"name\":\"Gizlilik S\u00f6zle\u015fmesi\"}]},{\"@type\":\"WebSite\",\"@id\":\"https:\\\/\\\/muhtarsweets.com\\\/tr\\\/#website\",\"url\":\"https:\\\/\\\/muhtarsweets.com\\\/tr\\\/\",\"name\":\"Muhtar Sweets\",\"description\":\"Quality and goodwill in work\",\"publisher\":{\"@id\":\"https:\\\/\\\/muhtarsweets.com\\\/tr\\\/#organization\"},\"potentialAction\":[{\"@type\":\"SearchAction\",\"target\":{\"@type\":\"EntryPoint\",\"urlTemplate\":\"https:\\\/\\\/muhtarsweets.com\\\/tr\\\/?s={search_term_string}\"},\"query-input\":{\"@type\":\"PropertyValueSpecification\",\"valueRequired\":true,\"valueName\":\"search_term_string\"}}],\"inLanguage\":\"tr\"},{\"@type\":\"Organization\",\"@id\":\"https:\\\/\\\/muhtarsweets.com\\\/tr\\\/#organization\",\"name\":\"Muhtar Group\",\"url\":\"https:\\\/\\\/muhtarsweets.com\\\/tr\\\/\",\"logo\":{\"@type\":\"ImageObject\",\"inLanguage\":\"tr\",\"@id\":\"https:\\\/\\\/muhtarsweets.com\\\/tr\\\/#\\\/schema\\\/logo\\\/image\\\/\",\"url\":\"https:\\\/\\\/muhtarsweets.com\\\/wp-content\\\/uploads\\\/2022\\\/10\\\/muhtar-logo-150-1.png\",\"contentUrl\":\"https:\\\/\\\/muhtarsweets.com\\\/wp-content\\\/uploads\\\/2022\\\/10\\\/muhtar-logo-150-1.png\",\"width\":150,\"height\":183,\"caption\":\"Muhtar Group\"},\"image\":{\"@id\":\"https:\\\/\\\/muhtarsweets.com\\\/tr\\\/#\\\/schema\\\/logo\\\/image\\\/\"},\"sameAs\":[\"https:\\\/\\\/www.facebook.com\\\/muhtarsweets\",\"https:\\\/\\\/www.youtube.com\\\/channel\\\/UCF9PmNU1SL_8_M6Ih6mrmVQ\",\"https:\\\/\\\/www.instagram.com\\\/muhtarsweets\\\/\"]}]}<\/script>\n<!-- \/ Yoast SEO Premium plugin. -->","yoast_head_json":{"title":"Gizlilik S\u00f6zle\u015fmesi - Muhtar Sweets","robots":{"index":"index","follow":"follow","max-snippet":"max-snippet:-1","max-image-preview":"max-image-preview:large","max-video-preview":"max-video-preview:-1"},"canonical":"https:\/\/muhtarsweets.com\/tr\/gizlilik-sozlesmesi-2\/","og_locale":"tr_TR","og_type":"article","og_title":"Gizlilik S\u00f6zle\u015fmesi","og_description":"%","og_url":"https:\/\/muhtarsweets.com\/tr\/gizlilik-sozlesmesi-2\/","og_site_name":"Muhtar Sweets","article_publisher":"https:\/\/www.facebook.com\/muhtarsweets","article_modified_time":"2022-10-13T08:22:53+00:00","twitter_card":"summary_large_image","twitter_misc":{"Tahmini okuma s\u00fcresi":"1 dakika"},"schema":{"@context":"https:\/\/schema.org","@graph":[{"@type":"WebPage","@id":"https:\/\/muhtarsweets.com\/tr\/gizlilik-sozlesmesi-2\/","url":"https:\/\/muhtarsweets.com\/tr\/gizlilik-sozlesmesi-2\/","name":"Gizlilik S\u00f6zle\u015fmesi - Muhtar Sweets","isPartOf":{"@id":"https:\/\/muhtarsweets.com\/tr\/#website"},"datePublished":"2022-10-06T22:18:45+00:00","dateModified":"2022-10-13T08:22:53+00:00","breadcrumb":{"@id":"https:\/\/muhtarsweets.com\/tr\/gizlilik-sozlesmesi-2\/#breadcrumb"},"inLanguage":"tr","potentialAction":[{"@type":"ReadAction","target":["https:\/\/muhtarsweets.com\/tr\/gizlilik-sozlesmesi-2\/"]}]},{"@type":"BreadcrumbList","@id":"https:\/\/muhtarsweets.com\/tr\/gizlilik-sozlesmesi-2\/#breadcrumb","itemListElement":[{"@type":"ListItem","position":1,"name":"Home","item":"https:\/\/muhtarsweets.com\/tr\/ana-sayfa\/"},{"@type":"ListItem","position":2,"name":"Gizlilik S\u00f6zle\u015fmesi"}]},{"@type":"WebSite","@id":"https:\/\/muhtarsweets.com\/tr\/#website","url":"https:\/\/muhtarsweets.com\/tr\/","name":"Muhtar Sweets","description":"Quality and goodwill in work","publisher":{"@id":"https:\/\/muhtarsweets.com\/tr\/#organization"},"potentialAction":[{"@type":"SearchAction","target":{"@type":"EntryPoint","urlTemplate":"https:\/\/muhtarsweets.com\/tr\/?s={search_term_string}"},"query-input":{"@type":"PropertyValueSpecification","valueRequired":true,"valueName":"search_term_string"}}],"inLanguage":"tr"},{"@type":"Organization","@id":"https:\/\/muhtarsweets.com\/tr\/#organization","name":"Muhtar Group","url":"https:\/\/muhtarsweets.com\/tr\/","logo":{"@type":"ImageObject","inLanguage":"tr","@id":"https:\/\/muhtarsweets.com\/tr\/#\/schema\/logo\/image\/","url":"https:\/\/muhtarsweets.com\/wp-content\/uploads\/2022\/10\/muhtar-logo-150-1.png","contentUrl":"https:\/\/muhtarsweets.com\/wp-content\/uploads\/2022\/10\/muhtar-logo-150-1.png","width":150,"height":183,"caption":"Muhtar Group"},"image":{"@id":"https:\/\/muhtarsweets.com\/tr\/#\/schema\/logo\/image\/"},"sameAs":["https:\/\/www.facebook.com\/muhtarsweets","https:\/\/www.youtube.com\/channel\/UCF9PmNU1SL_8_M6Ih6mrmVQ","https:\/\/www.instagram.com\/muhtarsweets\/"]}]}},"_links":{"self":[{"href":"https:\/\/muhtarsweets.com\/tr\/wp-json\/wp\/v2\/pages\/2342","targetHints":{"allow":["GET"]}}],"collection":[{"href":"https:\/\/muhtarsweets.com\/tr\/wp-json\/wp\/v2\/pages"}],"about":[{"href":"https:\/\/muhtarsweets.com\/tr\/wp-json\/wp\/v2\/types\/page"}],"author":[{"embeddable":true,"href":"https:\/\/muhtarsweets.com\/tr\/wp-json\/wp\/v2\/users\/1"}],"replies":[{"embeddable":true,"href":"https:\/\/muhtarsweets.com\/tr\/wp-json\/wp\/v2\/comments?post=2342"}],"version-history":[{"count":3,"href":"https:\/\/muhtarsweets.com\/tr\/wp-json\/wp\/v2\/pages\/2342\/revisions"}],"predecessor-version":[{"id":2832,"href":"https:\/\/muhtarsweets.com\/tr\/wp-json\/wp\/v2\/pages\/2342\/revisions\/2832"}],"wp:attachment":[{"href":"https:\/\/muhtarsweets.com\/tr\/wp-json\/wp\/v2\/media?parent=2342"}],"curies":[{"name":"wp","href":"https:\/\/api.w.org\/{rel}","templated":true}]}}