{"id":2312,"date":"2022-10-07T01:19:59","date_gmt":"2022-10-06T22:19:59","guid":{"rendered":"https:\/\/muhtarsweets.com\/?page_id=2312"},"modified":"2022-10-13T11:24:15","modified_gmt":"2022-10-13T08:24:15","slug":"on-bilgilendirme-formu","status":"publish","type":"page","link":"https:\/\/muhtarsweets.com\/tr\/on-bilgilendirme-formu\/","title":{"rendered":"\u00d6n Bilgilendirme Formu"},"content":{"rendered":"\n<p>1.1 &#8211; SATICI<\/p>\n\n<p>\u00dcnvan : #SName# | E-posta: #SEmail#<\/p>\n\n<p>Telefon: #STelephone# | Adres : #SAdres#<\/p>\n\n<p>1.2 &#8211; ALICI<\/p>\n\n<p>Isim\/Unvani : #CName#| Email : #CEmail#<\/p>\n\n<p>Telefon : #CTelephone#| Adres : #CAdres#<\/p>\n\n<p>Tarih : #DATE#<\/p>\n\n<p>2. SATIS BILGILERI:<\/p>\n\n<p>Isbu \u00d6n Bilgilendirme Formuna konu hizmet bilgileri asagidaki gibidir:<\/p>\n\n<p>#BASKET#<\/p>\n\n<p>Alici, Saticilar tarafindan listeleme sayfasinda yer verilen ve is bu \u00f6nbilgilendirme formunda yer alan \u00fcr\u00fcn\/hizmetlerin temel nitelikleri, satis fiyati, \u00f6deme sekli, teslimatina iliskin bilgileri dahil fakat bunlarla sinirli olmamak \u00fczere \u00fcr\u00fcn\/hizmet ile ilgili her t\u00fcrl\u00fc bilgiyi okudugunu, anladigini ve onayladigini kabul ve beyan eder. .<\/p>\n\n<p>3. CAYMA HAKKI:<\/p>\n\n<p>Alici, Satici ile yapacagimesafeli s\u00f6zlesmelerde herhangi bir gerek\u00e7e g\u00f6stermeksizin 14 g\u00fcn i\u00e7erisin decayma hakkini kullanabilir Cayma hakki s\u00fcresi malin teslimine iliskins\u00f6zlesmelerde alicinin \u00fcr\u00fcn\u00fc teslim almasindan itibaren, \u00fcr\u00fcn haricindekihizmete iliskin s\u00f6zlesmelerde ise s\u00f6zlesmenin yapildigi tarihten itibarenbaslar. Alicinin cayma hakkini Saticiya y\u00f6neltmesi gerekmektedir. Alici isbuhakkini s\u00fcresi i\u00e7erisinde ve yazili olarak Saticinin a\u00e7ik adresine yapacagiyazili bildirim, e-posta veya fax yolu ile kullanabilir Satici, Alicinin caymatalebinin kendisine ulastigini Aliciya yapacagi bildirimle teyit etmek zorundadir.<\/p>\n\n<p>Alici, cayma hakkinin hukukauygun olarak kullanildigi durumlarda iade islemini ger\u00e7eklestirirken Saticitarafindan kendisine bildirilen tasiyiciyi tercih edecektir. Aliciya iade i\u00e7inherhangi bir tasiyici bilgisinin sunulmadigi veya adresinde s\u00f6z konusutasiyicinin subesinin bulunmadigi haller dahil olmak \u00fczere Satici, Alicidanhangi ad altinda olursa olsun iade masrafi talep edemez. Satici ilave hi\u00e7birmasraf talep etmeksizin iade edilmek istenen \u00fcr\u00fcn\u00fc Alicidan almakla y\u00fck\u00fcml\u00fcd\u00fcr.<\/p>\n\n<p>Alici, Mesafeli S\u00f6zlesmeler Y\u00f6netmeligi 15\/1 uyarinca caymahakkini asagidaki hallerdekullanamayacagini kabul etmistir:<\/p>\n\n<p>a) Fiyati finansal piyasalardakidalgalanmalara bagli olarak degisen ve satici veya saglayicinin kontrol\u00fcndeolmayan mal veya hizmetler,<\/p>\n\n<p>b) T\u00fcketicinin istekleriveya kisisel ihtiya\u00e7lari dogrultusunda hazirlanan mallar,<\/p>\n\n<p>c) \u00c7abuk bozulabilen veyason kullanma tarihi ge\u00e7ebilecek mallar,<\/p>\n\n<p>\u00e7) Tesliminden sonra ambalaj,bant, m\u00fch\u00fcr, paket gibi koruyucu unsurlari a\u00e7ilmis olan mallardan: iadesisaglik ve hijyen a\u00e7isindan uygun olmayanlar,<\/p>\n\n<p>d) Tesliminden sonra baska\u00fcr\u00fcnlerle karisan ve dogasi geregi ayristirilmasi m\u00fcmk\u00fcn olmayan mallar,<\/p>\n\n<p>e) Malin tesliminden sonraambalaj, bant, m\u00fch\u00fcr, paket gibi koruyucu unsurlari a\u00e7ilmis olmasi halindemaddi ortamda sunulan kitap, dijital i\u00e7erik ve bilgisayar sarf malzemeleri,<\/p>\n\n<p>f) Abonelik s\u00f6zlesmesikapsaminda saglananlar disinda, gazete ve dergi gibi s\u00fcreli yayinlar,<\/p>\n\n<p>g) Belirli bir tarihteveya d\u00f6nemde yapilmasi gereken, konaklama, esya tasima, araba kiralama, yiyecek-i\u00e7ecek tedariki ve eglence veya dinlenme amaciyla yapilan bos zamanin degerlendirilmesineiliskin hizmetler,<\/p>\n\n<p>h) Elektronik ortamda anindaifa edilen hizmetler veya t\u00fcketiciye aninda teslim edilen gayri maddi mallar,<\/p>\n\n<p>i) Cayma hakki s\u00fcresi sonaermeden \u00f6nce, t\u00fcketicinin onayi ile ifasina baslanan hizmetler.<\/p>\n\n<p>4. Isbu \u00f6n bilgilendirme formu, elektronik ortamda Alici tarafindan okunarak kabul edilmistir.<\/p>\n\n<p>5. Satici, \u00fcr\u00fcn veya hizmeti, kargo ile g\u00f6nderim yapiyorsa alici \u00f6deme yaptiktan sonra 3 (\u00fc\u00e7) is g\u00fcn\u00fc+24 saat i\u00e7inde alicinin adresine g\u00f6nderir. Satici adrese teslim g\u00f6nderim yapiyorsa kapida \u00f6deme alir.<\/p>\n\n<p>6. Alici ve Satici, T\u00fcketicinin Korunmasi Hakkinda Kanun ve Elektronik TicaretD\u00fczenlenmesi Hakkinda Kanun kapsaminda #SITENAME#&#8217;un mesafeli s\u00f6zlesme kurulmasina aracilik eden Araci Hizmet Saglayici sifatina haiz oldugunu ve Satici ve\/veya Alicilar tarafindan saglanan i\u00e7erikleri kontrol etmekle, bu i\u00e7erik veya i\u00e7erige konu mal ve hizmetle ilgili hukuka aykiri bir faaliyetinyada durumun s\u00f6z konusu olup olmadigini arastirmakla y\u00fck\u00fcml\u00fc ve sorumlu olmadigini kabul, beyan ve taahh\u00fct ederler. Temsil yetkisinin Satici tarafindan iptal edilmesi halinde #SITENAME#, kullanici s\u00f6zlesmesini feshetme ve Satici&#8217;nin \u00fcyeligini iptal etme hakkina sahiptir.<\/p>\n\n<p>7. Alici satin almis oldugu \u00fcr\u00fcn ve hizmetlere iliskin varsa sikayetlerini yukaridabelirtilen iletisim bilgileri \u00fczerinden Saticiya iletebilir Site \u00fczerindensatin almis oldugu \u00fcr\u00fcn ve hizmetlere iliskin #SITENAME#&#8217;un herhangi biry\u00fck\u00fcml\u00fcl\u00fcg\u00fcn\u00fcn bulunmadigini kabul eden Alici, ana sayfada yer alan M\u00fcsteri Hizmetleri b\u00f6l\u00fcm\u00fcnden #SITENAME# ile her zaman iletisim kurabilir.<\/p>\n\n<p>8. Alici, satin alinan \u00fcr\u00fcn ve hizmetlerle ilgili \u00e7ikacak ihtilaflara iliskinSaticiya y\u00f6neltecegi her t\u00fcrl\u00fc talebini T\u00fcketici Hakem Heyetleri ve T\u00fcketiciMahkemeleri nezdinde ileri s\u00fcrebilme hakkina sahiptir.<\/p>\n\n<p>9. Isbu \u00d6n Bilgilendirme Formuna konu \u00fcr\u00fcn veya hizmetten kaynaklanan ihtilaflarda,G\u00fcmr\u00fck ve Ticaret Bakanliginca ilan edilen degere kadar Alici&#8217;nin yerlesimyerindeki T\u00fcketici Hakem Heyetleri ile Alici&#8217;nin yerlesim yerindeki T\u00fcketici Mahkemeleri yetkilidir.<\/p>\n\n<p>10. Isbu \u00f6n bilgilendirme formu Saticinin site \u00fczerindeki \u00fcr\u00fcn veya hizmetlerine y\u00f6nelik sundugu her \u00e7esit bilgi\/reklam\/a\u00e7iklama ile bir b\u00fct\u00fcn olup Alici veSatici arasinda yapilan Mesafeli Satis S\u00f6zlesmesi&#8217;nin ayrilmaz bir par\u00e7asidir Alici, isbu \u00f6n bilgilendirme formu ve Satici ile akdedecegi Mesafeli Satis S\u00f6zlesmesi&#8217;ndeki \u00fcr\u00fcn veya hizmete iliskin bilgiler nedeniyle her t\u00fcrl\u00fctalebini t\u00fcketici mevzuati kapsaminda Saticiya y\u00f6neltmesi gerektigini kabuleder.<\/p>\n\n<p>11. Alici isbu \u00d6n Bilgilendirme Formu ve Mesafeli Satis S\u00f6zlesmesi&#8217;ni onaylamasini takiben sitedeki &#8220;Siparis ver&#8221; butonunu tiklamakla se\u00e7tigi \u00fcr\u00fcn veya hizmete iliskin \u00f6deme y\u00fck\u00fcml\u00fcl\u00fcg\u00fc altina girdigini kabul eder.<\/p>\n","protected":false},"excerpt":{"rendered":"<p>1.1 &#8211; SATICI \u00dcnvan : #SName# | E-posta: #SEmail# Telefon: #STelephone# | Adres : #SAdres# 1.2 &#8211; ALICI Isim\/Unvani : #CName#| Email : #CEmail# Telefon : #CTelephone#| Adres : #CAdres# Tarih : #DATE# 2. SATIS BILGILERI: Isbu \u00d6n Bilgilendirme Formuna konu hizmet bilgileri asagidaki gibidir: #BASKET# Alici, Saticilar tarafindan listeleme sayfasinda yer verilen ve is [&hellip;]<\/p>\n","protected":false},"author":1,"featured_media":0,"parent":0,"menu_order":0,"comment_status":"closed","ping_status":"open","template":"","meta":{"_monsterinsights_skip_tracking":false,"_monsterinsights_sitenote_active":false,"_monsterinsights_sitenote_note":"","_monsterinsights_sitenote_category":0,"ocean_post_layout":"","ocean_both_sidebars_style":"","ocean_both_sidebars_content_width":0,"ocean_both_sidebars_sidebars_width":0,"ocean_sidebar":"0","ocean_second_sidebar":"0","ocean_disable_margins":"enable","ocean_add_body_class":"","ocean_shortcode_before_top_bar":"","ocean_shortcode_after_top_bar":"","ocean_shortcode_before_header":"","ocean_shortcode_after_header":"","ocean_has_shortcode":"","ocean_shortcode_after_title":"","ocean_shortcode_before_footer_widgets":"","ocean_shortcode_after_footer_widgets":"","ocean_shortcode_before_footer_bottom":"","ocean_shortcode_after_footer_bottom":"","ocean_display_top_bar":"default","ocean_display_header":"default","ocean_header_style":"","ocean_center_header_left_menu":"0","ocean_custom_header_template":"0","ocean_custom_logo":0,"ocean_custom_retina_logo":0,"ocean_custom_logo_max_width":0,"ocean_custom_logo_tablet_max_width":0,"ocean_custom_logo_mobile_max_width":0,"ocean_custom_logo_max_height":0,"ocean_custom_logo_tablet_max_height":0,"ocean_custom_logo_mobile_max_height":0,"ocean_header_custom_menu":"0","ocean_menu_typo_font_family":"0","ocean_menu_typo_font_subset":"","ocean_menu_typo_font_size":0,"ocean_menu_typo_font_size_tablet":0,"ocean_menu_typo_font_size_mobile":0,"ocean_menu_typo_font_size_unit":"px","ocean_menu_typo_font_weight":"","ocean_menu_typo_font_weight_tablet":"","ocean_menu_typo_font_weight_mobile":"","ocean_menu_typo_transform":"","ocean_menu_typo_transform_tablet":"","ocean_menu_typo_transform_mobile":"","ocean_menu_typo_line_height":0,"ocean_menu_typo_line_height_tablet":0,"ocean_menu_typo_line_height_mobile":0,"ocean_menu_typo_line_height_unit":"","ocean_menu_typo_spacing":0,"ocean_menu_typo_spacing_tablet":0,"ocean_menu_typo_spacing_mobile":0,"ocean_menu_typo_spacing_unit":"","ocean_menu_link_color":"","ocean_menu_link_color_hover":"","ocean_menu_link_color_active":"","ocean_menu_link_background":"","ocean_menu_link_hover_background":"","ocean_menu_link_active_background":"","ocean_menu_social_links_bg":"","ocean_menu_social_hover_links_bg":"","ocean_menu_social_links_color":"","ocean_menu_social_hover_links_color":"","ocean_disable_title":"default","ocean_disable_heading":"default","ocean_post_title":"","ocean_post_subheading":"","ocean_post_title_style":"","ocean_post_title_background_color":"","ocean_post_title_background":0,"ocean_post_title_bg_image_position":"","ocean_post_title_bg_image_attachment":"","ocean_post_title_bg_image_repeat":"","ocean_post_title_bg_image_size":"","ocean_post_title_height":0,"ocean_post_title_bg_overlay":0.5,"ocean_post_title_bg_overlay_color":"","ocean_disable_breadcrumbs":"default","ocean_breadcrumbs_color":"","ocean_breadcrumbs_separator_color":"","ocean_breadcrumbs_links_color":"","ocean_breadcrumbs_links_hover_color":"","ocean_display_footer_widgets":"default","ocean_display_footer_bottom":"default","ocean_custom_footer_template":"0","osh_disable_topbar_sticky":"default","osh_disable_header_sticky":"default","osh_sticky_header_style":"default","osh_sticky_header_effect":"","osh_custom_sticky_logo":0,"osh_custom_retina_sticky_logo":0,"osh_custom_sticky_logo_height":0,"osh_background_color":"","osh_links_color":"","osh_links_hover_color":"","osh_links_active_color":"","osh_links_bg_color":"","osh_links_hover_bg_color":"","osh_links_active_bg_color":"","osh_menu_social_links_color":"","osh_menu_social_hover_links_color":"","footnotes":""},"class_list":["post-2312","page","type-page","status-publish","hentry","entry","owp-thumbs-layout-vertical","owp-btn-big","owp-tabs-layout-horizontal","has-no-thumbnails","has-product-nav"],"yoast_head":"<!-- This site is optimized with the Yoast SEO Premium plugin v18.2.1 (Yoast SEO v27.4) - https:\/\/yoast.com\/product\/yoast-seo-premium-wordpress\/ -->\n<title>\u00d6n Bilgilendirme Formu - Muhtar Sweets<\/title>\n<meta name=\"robots\" content=\"index, follow, max-snippet:-1, max-image-preview:large, max-video-preview:-1\" \/>\n<link rel=\"canonical\" href=\"https:\/\/muhtarsweets.com\/tr\/on-bilgilendirme-formu\/\" \/>\n<meta property=\"og:locale\" content=\"tr_TR\" \/>\n<meta property=\"og:type\" content=\"article\" \/>\n<meta property=\"og:title\" content=\"\u00d6n Bilgilendirme Formu\" \/>\n<meta property=\"og:description\" content=\"%\" \/>\n<meta property=\"og:url\" content=\"https:\/\/muhtarsweets.com\/tr\/on-bilgilendirme-formu\/\" \/>\n<meta property=\"og:site_name\" content=\"Muhtar Sweets\" \/>\n<meta property=\"article:publisher\" content=\"https:\/\/www.facebook.com\/muhtarsweets\" \/>\n<meta property=\"article:modified_time\" content=\"2022-10-13T08:24:15+00:00\" \/>\n<meta name=\"twitter:card\" content=\"summary_large_image\" \/>\n<meta name=\"twitter:label1\" content=\"Tahmini okuma s\u00fcresi\" \/>\n\t<meta name=\"twitter:data1\" content=\"4 dakika\" \/>\n<script type=\"application\/ld+json\" class=\"yoast-schema-graph\">{\"@context\":\"https:\\\/\\\/schema.org\",\"@graph\":[{\"@type\":\"WebPage\",\"@id\":\"https:\\\/\\\/muhtarsweets.com\\\/tr\\\/on-bilgilendirme-formu\\\/\",\"url\":\"https:\\\/\\\/muhtarsweets.com\\\/tr\\\/on-bilgilendirme-formu\\\/\",\"name\":\"\u00d6n Bilgilendirme Formu - Muhtar Sweets\",\"isPartOf\":{\"@id\":\"https:\\\/\\\/muhtarsweets.com\\\/tr\\\/#website\"},\"datePublished\":\"2022-10-06T22:19:59+00:00\",\"dateModified\":\"2022-10-13T08:24:15+00:00\",\"breadcrumb\":{\"@id\":\"https:\\\/\\\/muhtarsweets.com\\\/tr\\\/on-bilgilendirme-formu\\\/#breadcrumb\"},\"inLanguage\":\"tr\",\"potentialAction\":[{\"@type\":\"ReadAction\",\"target\":[\"https:\\\/\\\/muhtarsweets.com\\\/tr\\\/on-bilgilendirme-formu\\\/\"]}]},{\"@type\":\"BreadcrumbList\",\"@id\":\"https:\\\/\\\/muhtarsweets.com\\\/tr\\\/on-bilgilendirme-formu\\\/#breadcrumb\",\"itemListElement\":[{\"@type\":\"ListItem\",\"position\":1,\"name\":\"Home\",\"item\":\"https:\\\/\\\/muhtarsweets.com\\\/tr\\\/ana-sayfa\\\/\"},{\"@type\":\"ListItem\",\"position\":2,\"name\":\"\u00d6n Bilgilendirme Formu\"}]},{\"@type\":\"WebSite\",\"@id\":\"https:\\\/\\\/muhtarsweets.com\\\/tr\\\/#website\",\"url\":\"https:\\\/\\\/muhtarsweets.com\\\/tr\\\/\",\"name\":\"Muhtar Sweets\",\"description\":\"Quality and goodwill in work\",\"publisher\":{\"@id\":\"https:\\\/\\\/muhtarsweets.com\\\/tr\\\/#organization\"},\"potentialAction\":[{\"@type\":\"SearchAction\",\"target\":{\"@type\":\"EntryPoint\",\"urlTemplate\":\"https:\\\/\\\/muhtarsweets.com\\\/tr\\\/?s={search_term_string}\"},\"query-input\":{\"@type\":\"PropertyValueSpecification\",\"valueRequired\":true,\"valueName\":\"search_term_string\"}}],\"inLanguage\":\"tr\"},{\"@type\":\"Organization\",\"@id\":\"https:\\\/\\\/muhtarsweets.com\\\/tr\\\/#organization\",\"name\":\"Muhtar Group\",\"url\":\"https:\\\/\\\/muhtarsweets.com\\\/tr\\\/\",\"logo\":{\"@type\":\"ImageObject\",\"inLanguage\":\"tr\",\"@id\":\"https:\\\/\\\/muhtarsweets.com\\\/tr\\\/#\\\/schema\\\/logo\\\/image\\\/\",\"url\":\"https:\\\/\\\/muhtarsweets.com\\\/wp-content\\\/uploads\\\/2022\\\/10\\\/muhtar-logo-150-1.png\",\"contentUrl\":\"https:\\\/\\\/muhtarsweets.com\\\/wp-content\\\/uploads\\\/2022\\\/10\\\/muhtar-logo-150-1.png\",\"width\":150,\"height\":183,\"caption\":\"Muhtar Group\"},\"image\":{\"@id\":\"https:\\\/\\\/muhtarsweets.com\\\/tr\\\/#\\\/schema\\\/logo\\\/image\\\/\"},\"sameAs\":[\"https:\\\/\\\/www.facebook.com\\\/muhtarsweets\",\"https:\\\/\\\/www.youtube.com\\\/channel\\\/UCF9PmNU1SL_8_M6Ih6mrmVQ\",\"https:\\\/\\\/www.instagram.com\\\/muhtarsweets\\\/\"]}]}<\/script>\n<!-- \/ Yoast SEO Premium plugin. -->","yoast_head_json":{"title":"\u00d6n Bilgilendirme Formu - Muhtar Sweets","robots":{"index":"index","follow":"follow","max-snippet":"max-snippet:-1","max-image-preview":"max-image-preview:large","max-video-preview":"max-video-preview:-1"},"canonical":"https:\/\/muhtarsweets.com\/tr\/on-bilgilendirme-formu\/","og_locale":"tr_TR","og_type":"article","og_title":"\u00d6n Bilgilendirme Formu","og_description":"%","og_url":"https:\/\/muhtarsweets.com\/tr\/on-bilgilendirme-formu\/","og_site_name":"Muhtar Sweets","article_publisher":"https:\/\/www.facebook.com\/muhtarsweets","article_modified_time":"2022-10-13T08:24:15+00:00","twitter_card":"summary_large_image","twitter_misc":{"Tahmini okuma s\u00fcresi":"4 dakika"},"schema":{"@context":"https:\/\/schema.org","@graph":[{"@type":"WebPage","@id":"https:\/\/muhtarsweets.com\/tr\/on-bilgilendirme-formu\/","url":"https:\/\/muhtarsweets.com\/tr\/on-bilgilendirme-formu\/","name":"\u00d6n Bilgilendirme Formu - Muhtar Sweets","isPartOf":{"@id":"https:\/\/muhtarsweets.com\/tr\/#website"},"datePublished":"2022-10-06T22:19:59+00:00","dateModified":"2022-10-13T08:24:15+00:00","breadcrumb":{"@id":"https:\/\/muhtarsweets.com\/tr\/on-bilgilendirme-formu\/#breadcrumb"},"inLanguage":"tr","potentialAction":[{"@type":"ReadAction","target":["https:\/\/muhtarsweets.com\/tr\/on-bilgilendirme-formu\/"]}]},{"@type":"BreadcrumbList","@id":"https:\/\/muhtarsweets.com\/tr\/on-bilgilendirme-formu\/#breadcrumb","itemListElement":[{"@type":"ListItem","position":1,"name":"Home","item":"https:\/\/muhtarsweets.com\/tr\/ana-sayfa\/"},{"@type":"ListItem","position":2,"name":"\u00d6n Bilgilendirme Formu"}]},{"@type":"WebSite","@id":"https:\/\/muhtarsweets.com\/tr\/#website","url":"https:\/\/muhtarsweets.com\/tr\/","name":"Muhtar Sweets","description":"Quality and goodwill in work","publisher":{"@id":"https:\/\/muhtarsweets.com\/tr\/#organization"},"potentialAction":[{"@type":"SearchAction","target":{"@type":"EntryPoint","urlTemplate":"https:\/\/muhtarsweets.com\/tr\/?s={search_term_string}"},"query-input":{"@type":"PropertyValueSpecification","valueRequired":true,"valueName":"search_term_string"}}],"inLanguage":"tr"},{"@type":"Organization","@id":"https:\/\/muhtarsweets.com\/tr\/#organization","name":"Muhtar Group","url":"https:\/\/muhtarsweets.com\/tr\/","logo":{"@type":"ImageObject","inLanguage":"tr","@id":"https:\/\/muhtarsweets.com\/tr\/#\/schema\/logo\/image\/","url":"https:\/\/muhtarsweets.com\/wp-content\/uploads\/2022\/10\/muhtar-logo-150-1.png","contentUrl":"https:\/\/muhtarsweets.com\/wp-content\/uploads\/2022\/10\/muhtar-logo-150-1.png","width":150,"height":183,"caption":"Muhtar Group"},"image":{"@id":"https:\/\/muhtarsweets.com\/tr\/#\/schema\/logo\/image\/"},"sameAs":["https:\/\/www.facebook.com\/muhtarsweets","https:\/\/www.youtube.com\/channel\/UCF9PmNU1SL_8_M6Ih6mrmVQ","https:\/\/www.instagram.com\/muhtarsweets\/"]}]}},"_links":{"self":[{"href":"https:\/\/muhtarsweets.com\/tr\/wp-json\/wp\/v2\/pages\/2312","targetHints":{"allow":["GET"]}}],"collection":[{"href":"https:\/\/muhtarsweets.com\/tr\/wp-json\/wp\/v2\/pages"}],"about":[{"href":"https:\/\/muhtarsweets.com\/tr\/wp-json\/wp\/v2\/types\/page"}],"author":[{"embeddable":true,"href":"https:\/\/muhtarsweets.com\/tr\/wp-json\/wp\/v2\/users\/1"}],"replies":[{"embeddable":true,"href":"https:\/\/muhtarsweets.com\/tr\/wp-json\/wp\/v2\/comments?post=2312"}],"version-history":[{"count":5,"href":"https:\/\/muhtarsweets.com\/tr\/wp-json\/wp\/v2\/pages\/2312\/revisions"}],"predecessor-version":[{"id":2335,"href":"https:\/\/muhtarsweets.com\/tr\/wp-json\/wp\/v2\/pages\/2312\/revisions\/2335"}],"wp:attachment":[{"href":"https:\/\/muhtarsweets.com\/tr\/wp-json\/wp\/v2\/media?parent=2312"}],"curies":[{"name":"wp","href":"https:\/\/api.w.org\/{rel}","templated":true}]}}