{"id":2307,"date":"2022-10-07T01:06:23","date_gmt":"2022-10-06T22:06:23","guid":{"rendered":"https:\/\/muhtarsweets.com\/?page_id=2307"},"modified":"2022-10-13T11:24:09","modified_gmt":"2022-10-13T08:24:09","slug":"mesafeli-satis-sozlesmesi","status":"publish","type":"page","link":"https:\/\/muhtarsweets.com\/tr\/mesafeli-satis-sozlesmesi\/","title":{"rendered":"MESAFELI SATIS S\u00d6ZLESMESI"},"content":{"rendered":"\n<p>MADDE 1- TARAFLAR<\/p>\n\n<p>1.1 -SATICI<\/p>\n\n<p>\u00dcnvan :#SName# | E-posta: #SEmail#<\/p>\n\n<p>Telefon: #STelephone# | Adres : #SAdres#<\/p>\n\n<p>1.2 -ALICI<\/p>\n\n<p>Isim\/Unvani: #CName#| Email : #CEmail#<\/p>\n\n<p>Telefon: #CTelephone#| Adres : #CAdres#<\/p>\n\n<p>Tarih : #DATE#<\/p>\n\n<p>Bundanb\u00f6yle Alici ve Satici birlikte&#8221;Taraflar&#8221; olarak anilacaktir.<\/p>\n\n<p>Taraflar #SITEURL# sitesindebelirtilen kurallar dahilindeplatform \u00fczerinden birbirleri ile iletisimkurabileceklerdir.<\/p>\n\n<p>MADDE 2-S\u00d6ZLESMENIN KONUSU:<\/p>\n\n<p>Isbu Mesafeli SatisS\u00f6zlesmesi&#8217;nin (Bundan sonra S\u00f6zlesme olarakanilacaktir) konusu, asagidakinitelikleri ve satis fiyati belirlenen \u00fcr\u00fcn ileilgili olarak T\u00fcketicininKorunmasi Hakkinda Kanun ve Mesafeli S\u00f6zlesmelerY\u00f6netmeligi h\u00fck\u00fcmlerigeregince taraflarin hak ve y\u00fck\u00fcml\u00fcl\u00fcklerinin tespitidir.<\/p>\n\n<p>MADDE 3-\u00dcR\u00dcN BILGILERI:<\/p>\n\n<p>Isbu S\u00f6zlesme konusu \u00fcr\u00fcne; \u00fcr\u00fcn\u00fcn satis bedeline, teslim ve \u00f6demesekillerine ait bilgiler asagidaki gibidir: #BASKET#<\/p>\n\n<p>#BASKET#<\/p>\n\n<p>MADDE 4- GENEL H\u00dcK\u00dcMLER<\/p>\n\n<p>4.1 Alici ve Satici,S\u00f6zlesme konusu \u00fcr\u00fcn\u00fcne\/hizmetine iliskin listelemesayfasinda yer verilen a\u00e7iklamalardan, \u00fcr\u00fcn\u00fcn\/hizmetin saglam, eksiksiz,sipariste belirtilen niteliklere uygun ve varsa garanti belgeleri ve kullanimkilavuzlari ile birlikte teslim edilmesinden Satici&#8217;nin sorumlu oldugunu kabul,beyan vetaahh\u00fct eder.<\/p>\n\n<p>4.2 Alici, isbu S\u00f6zlesme \u00f6ncesinde Saticilar tarafindan listelemesayfasinda yer verilen \u00fcr\u00fcn\/hizmetlerin temel nitelikleri, satis fiyati, \u00f6demesekli, teslimatina iliskin bilgiler dahil fakat bunlarla sinirli olmamak \u00fczere\u00fcr\u00fcn\/hizmet ile ilgili her t\u00fcrl\u00fc bilgiyi ve isbu S\u00f6zlesme&#8217;nin 3. maddesindebelirtilen \u00fcr\u00fcn\/hizmete iliskin bilgileri okudugunu, anladigini ve isbuS\u00f6zlesme akdedilmeden \u00f6nce gerekli teyidi verdigini kabul ve beyan eder.<\/p>\n\n<p>4.3 Alici, isbu S\u00f6zlesme \u00f6ncesinde \u00fcr\u00fcn\/hizmete iliskin \u00f6n bilgilendirmeformunu teyit ettigini kabul, beyan ve taahh\u00fct eder.<\/p>\n\n<p>4.4 Taraflar isbu S\u00f6zlesme sartlarinin yani sira T\u00fcketicilerin KorunmasiHakkindaki Kanun ve Mesafeli S\u00f6zlesmeler Y\u00f6netmeligi h\u00fck\u00fcmlerini kabulettiklerini ve bu h\u00fck\u00fcmlere uygun hareket edeceklerini kabul, beyan ve taahh\u00fctederler<\/p>\n\n<p>4.5 Isbu S\u00f6zlesme&#8217;nin t\u00fcm maddeleri Satici ve Alici tarafindan okunmus vekabul edilmis olup, isbu S\u00f6zlesme Alici tarafindan elektronik olarakonaylandigi tarihte y\u00fcr\u00fcrl\u00fcge girer.<\/p>\n\n<p>4.6 Alici ve Satici,T\u00fcketicinin Korunmasi Hakkinda Kanun ve ElektronikTicaretin D\u00fczenlenmesi Hakkinda Kanun kapsaminda #SITENAME#&#8217;un mesafelis\u00f6zlesme kurulmasina aracilik eden Araci Hizmet Saglayici sifatina haizoldugunu ve Satici ve Alici tarafindan saglanan i\u00e7erikleri kontrol etmekle, bui\u00e7erik veya i\u00e7erige konu mal ve hizmetle ilgili hukuka aykiri bir faaliyetin yada durumun s\u00f6z konusu olup olmadigini arastirmakla y\u00fck\u00fcml\u00fc ve sorumluolmadigini kabul, beyan ve taahh\u00fct ederler. Taraflar, isbu S\u00f6zlesmeye konu\u00fcr\u00fcnden\/hizmetin sunulmasindan kaynaklanan t\u00fcm sorumlulugun Satici&#8217;ya aitoldugunu; www.#SITENAME#.com sitesinin Alici veSatici arasindaki isbuS\u00f6zlesmenin tarafi olmadigini ve isbu S\u00f6zlesmedenkaynaklanan y\u00fck\u00fcml\u00fcl\u00fcg\u00fcbulunmadigini kabul, beyan ve taahh\u00fct ederler. Satici, #SITENAME#kullanicis\u00f6zlesmesinde tanimlanan Sifir Risk Sisteminin isleyisinn saglanmasiamaciylasatisa sundugu \u00fcr\u00fcn ve\/veya hizmetlere iliskin bedellerin kendi nam vehesabina Alici&#8217;dantahsil edilmesi konusuna m\u00fcnhasir olarak, #SITENAME#&#8217;utemsilci olarak atadiginikabul etmektedir. Temsil yetkisinin Satici tarafindaniptal edilmesi halinde#SITENAME#, kullanici s\u00f6zlesmesini feshetme veSatici&#8217;nin \u00fcyeligini iptal etmehakkina sahiptir. Alici, \u00fcr\u00fcn ve\/veyahizmetlere iliskin \u00f6demeyi Satici&#8217;nintemsilcisi sifatiyla #SITENAME#&#8217;ayapmakla alim-satim akdi kapsaminda \u00f6demey\u00fck\u00fcml\u00fcl\u00fcg\u00fcn\u00fc ifa etmis olacaktir.<\/p>\n\n<p>4.7 Isbu S\u00f6zlesme,Alici ve Satici i\u00e7in #SITENAME# Kullanici S\u00f6zlesmesi&#8217;ndenkaynaklanany\u00fck\u00fcml\u00fcl\u00fcklerini ortadan kaldirmaz. Taraflar, #SITENAME# KullaniciS\u00f6zlesmesive eklerinde d\u00fczenlenen kurallara uymakla y\u00fck\u00fcml\u00fcd\u00fcr.<\/p>\n\n<p>4.8 Taraflar,aralarindaki isbu s\u00f6zlesmeden kaynakli dogacak ihtilaflardandolayi #SITENAME#&#8217;un,idare ve yargi kararlari dahil olmak \u00fczere, herhangi birzarara ugramasihalinde onaylamis olduklari #SITENAME# kullanici s\u00f6zlesmesi vesitedeki digerkurallar kapsaminda #SITENAME#&#8217;un s\u00f6z konusu zararlarikendilerine r\u00fccu etmehakki oldugunu kabul ederler.<\/p>\n\n<p>MADDE -5 CAYMA HAKKI:<\/p>\n\n<p>5.1 Alici, isbuS\u00f6zlesme konusunun \u00fcr\u00fcn olmasi halinde; \u00fcr\u00fcn\u00fcn kendisineveya g\u00f6sterdigiadresteki kisiye \/ kurulusa tesliminden itibaren 14 (ond\u00f6rt) g\u00fcni\u00e7erisinde,isbu S\u00f6zlesme konusunun \u00fcr\u00fcn disinda bir hizmetin sunulmasinailiskin olmasihalinde, isbu S\u00f6zlesmenin kuruldugu tarihten itibaren 14 (ond\u00f6rt)g\u00fcn i\u00e7erisindeherhangi bir gerek\u00e7e g\u00f6stermeksizin isbu S\u00f6zlesmeden caymahakkina sahiptir Alici&#8217;nin, cayma hakkini kullanabilmesi i\u00e7in, bu s\u00fcrei\u00e7indeSatici\/Saglayici&#8217;ya bildirimde bulunmasi sarttir.<\/p>\n\n<p>5.2 Taraflar, Mesafeli S\u00f6zlesmeler Y\u00f6netmeligi md. 15\/1 uyarinca caymahakkini asagidaki hallerdekullanamayacagini kabul etmistir:<\/p>\n\n<p>5.2.1 Fiyati finansalpiyasalardak i dalgalanmalara bagli olarak degisen vesatici veya saglayicininkontrol\u00fcnde olmayan mal veya hizmetler,<\/p>\n\n<p>5.2.2 T\u00fcketicininistekleri veya kisisel ihtiya\u00e7lari dogrultusundahazirlanan mallar,<\/p>\n\n<p>5.2.3 \u00c7abukbozulabilen veya son kullanma tarihi ge\u00e7ebilecek mallar,<\/p>\n\n<p>5.2.4 Teslimindensonra ambalaj, bant, m\u00fch\u00fcr, paket gibi koruyucu unsurlaria\u00e7ilmis olanmallardan; iadesi saglik ve hijyen a\u00e7isindan uygun olmayanlar,<\/p>\n\n<p>5.2.5 Teslimindensonra baska \u00fcr\u00fcnlerle karisan ve dogasi geregiayristirilmasi m\u00fcmk\u00fcn olmayanmallar,<\/p>\n\n<p>5.2.6 Malintesliminden sonra ambalaj, bant, m\u00fch\u00fcr, paket gibi koruyucuunsurlari a\u00e7ilmisolmasi halinde maddi ortamda sunulan kitap, dijital i\u00e7erik vebilgisayar sarfmalzemeleri,<\/p>\n\n<p>5.2.7 Aboneliks\u00f6zlesmesi kapsaminda saglananlar disinda, gazete ve dergigibi s\u00fcreliyayinlar,<\/p>\n\n<p>5.2.8 Belirli birtarihte veya d\u00f6nemde yapilmasi gereken, konaklama, esyatasima, araba kiralama,yiyecek-i\u00e7ecek tedariki ve eglence veya dinlenmeamaciyla yapilan bos zamanindegerlendirilmesine iliskin hizmetler,<\/p>\n\n<p>5.2.9 Elektronikortamda aninda ifa edilen hizmetler veya t\u00fcketiciye anindateslim edilengayrimaddi mallar,<\/p>\n\n<p>5.2.10 Cayma hakkis\u00fcresi sona ermeden \u00f6nce, t\u00fcketicinin onayi ile ifasinabaslanan hizmetler.<\/p>\n\n<p>5.3 Alici&#8217;nin caymahakkini kullanmasi h\u00e2linde Satici, cayma bildirimininkendisine ulastigitarihten itibaren en ge\u00e7 14 (on d\u00f6rt) g\u00fcn i\u00e7erisinde almisoldugu toplam bedelive t\u00fcketiciyi bor\u00e7 altina sokan her t\u00fcrl\u00fc belgeyit\u00fcketiciye hi\u00e7bir masrafy\u00fcklemeksizin iade etmekle y\u00fck\u00fcml\u00fcd\u00fcr. Alici ise caymahakkini kullandiginailiskin bildirimi y\u00f6nelttigi tarihten itiaren on (10) g\u00fcni\u00e7erisinde malisaticiya veya yetkilendirmis oldugu kisiye geri g\u00f6ndermekzorundadir.<\/p>\n\n<p>5.4 Alici, caymahakkinin hukuka uygun olarak kullanildigi durumlarda iadeisleminiger\u00e7eklestirirken Satici tarafindan kendisine bildirilen tasiyiciyitercihedecektir. Alici&#8217;ya iade i\u00e7in herhangi bir tasiyici bilgisininsunulmadigi veyaadresinde s\u00f6z konusu tasiyicinin subesinin bulunmadigi hallerdahil olmak \u00fczereSatici, Alici&#8217;dan hangi ad altinda olursa olsun iade masrafitalep edemez.Satici ilave hi\u00e7bir masraf talep etmeksizin iade edilmek istenen\u00fcr\u00fcn\u00fcAlici&#8217;dan almakla y\u00fck\u00fcml\u00fcd\u00fcr.<\/p>\n\n<p>5.5 Alici tarafindansiparis edilmeyen malin teslimi veya hizmetin sunulmasidurumunda, \u00fcr\u00fcn\u00fcnkullanilmasi veya hizmetin t\u00fcketilmesine iliskin durumlarsakli kalmakkaydiyla, Satici, Alici&#8217;ya karsi herhangi bir talepte bulunamaz.<\/p>\n\n<p>MADDE -6 YETKILI MAHKEME:<\/p>\n\n<p>Is bu S\u00f6zlesme ileilgili \u00e7ikacak ihtilaflarda her yil G\u00fcmr\u00fck ve TicaretBakanligi tarafindan ilanedilen degere kadar Alici&#8217;nin yerlesim yerindekiT\u00fcketici Sorunlari HakemHeyetleri, s\u00f6z konusu degerin \u00fczerindeki ihtilaflardaise T\u00fcketici Mahkemeleri yetkilidir.<\/p>\n\n<p>Isbu s\u00f6zlesme #DATE# tarihinde kurulmustur.<\/p>\n\n<p><\/p>\n","protected":false},"excerpt":{"rendered":"<p>MADDE 1- TARAFLAR 1.1 -SATICI \u00dcnvan :#SName# | E-posta: #SEmail# Telefon: #STelephone# | Adres : #SAdres# 1.2 -ALICI Isim\/Unvani: #CName#| Email : #CEmail# Telefon: #CTelephone#| Adres : #CAdres# Tarih : #DATE# Bundanb\u00f6yle Alici ve Satici birlikte&#8221;Taraflar&#8221; olarak anilacaktir. Taraflar #SITEURL# sitesindebelirtilen kurallar dahilindeplatform \u00fczerinden birbirleri ile iletisimkurabileceklerdir. MADDE 2-S\u00d6ZLESMENIN KONUSU: Isbu Mesafeli SatisS\u00f6zlesmesi&#8217;nin (Bundan sonra [&hellip;]<\/p>\n","protected":false},"author":1,"featured_media":0,"parent":0,"menu_order":0,"comment_status":"closed","ping_status":"closed","template":"","meta":{"_monsterinsights_skip_tracking":false,"_monsterinsights_sitenote_active":false,"_monsterinsights_sitenote_note":"","_monsterinsights_sitenote_category":0,"ocean_post_layout":"","ocean_both_sidebars_style":"","ocean_both_sidebars_content_width":0,"ocean_both_sidebars_sidebars_width":0,"ocean_sidebar":"0","ocean_second_sidebar":"0","ocean_disable_margins":"enable","ocean_add_body_class":"","ocean_shortcode_before_top_bar":"","ocean_shortcode_after_top_bar":"","ocean_shortcode_before_header":"","ocean_shortcode_after_header":"","ocean_has_shortcode":"","ocean_shortcode_after_title":"","ocean_shortcode_before_footer_widgets":"","ocean_shortcode_after_footer_widgets":"","ocean_shortcode_before_footer_bottom":"","ocean_shortcode_after_footer_bottom":"","ocean_display_top_bar":"default","ocean_display_header":"default","ocean_header_style":"","ocean_center_header_left_menu":"0","ocean_custom_header_template":"0","ocean_custom_logo":0,"ocean_custom_retina_logo":0,"ocean_custom_logo_max_width":0,"ocean_custom_logo_tablet_max_width":0,"ocean_custom_logo_mobile_max_width":0,"ocean_custom_logo_max_height":0,"ocean_custom_logo_tablet_max_height":0,"ocean_custom_logo_mobile_max_height":0,"ocean_header_custom_menu":"0","ocean_menu_typo_font_family":"0","ocean_menu_typo_font_subset":"","ocean_menu_typo_font_size":0,"ocean_menu_typo_font_size_tablet":0,"ocean_menu_typo_font_size_mobile":0,"ocean_menu_typo_font_size_unit":"px","ocean_menu_typo_font_weight":"","ocean_menu_typo_font_weight_tablet":"","ocean_menu_typo_font_weight_mobile":"","ocean_menu_typo_transform":"","ocean_menu_typo_transform_tablet":"","ocean_menu_typo_transform_mobile":"","ocean_menu_typo_line_height":0,"ocean_menu_typo_line_height_tablet":0,"ocean_menu_typo_line_height_mobile":0,"ocean_menu_typo_line_height_unit":"","ocean_menu_typo_spacing":0,"ocean_menu_typo_spacing_tablet":0,"ocean_menu_typo_spacing_mobile":0,"ocean_menu_typo_spacing_unit":"","ocean_menu_link_color":"","ocean_menu_link_color_hover":"","ocean_menu_link_color_active":"","ocean_menu_link_background":"","ocean_menu_link_hover_background":"","ocean_menu_link_active_background":"","ocean_menu_social_links_bg":"","ocean_menu_social_hover_links_bg":"","ocean_menu_social_links_color":"","ocean_menu_social_hover_links_color":"","ocean_disable_title":"default","ocean_disable_heading":"default","ocean_post_title":"","ocean_post_subheading":"","ocean_post_title_style":"","ocean_post_title_background_color":"","ocean_post_title_background":0,"ocean_post_title_bg_image_position":"","ocean_post_title_bg_image_attachment":"","ocean_post_title_bg_image_repeat":"","ocean_post_title_bg_image_size":"","ocean_post_title_height":0,"ocean_post_title_bg_overlay":0.5,"ocean_post_title_bg_overlay_color":"","ocean_disable_breadcrumbs":"default","ocean_breadcrumbs_color":"","ocean_breadcrumbs_separator_color":"","ocean_breadcrumbs_links_color":"","ocean_breadcrumbs_links_hover_color":"","ocean_display_footer_widgets":"default","ocean_display_footer_bottom":"default","ocean_custom_footer_template":"0","osh_disable_topbar_sticky":"default","osh_disable_header_sticky":"default","osh_sticky_header_style":"default","osh_sticky_header_effect":"","osh_custom_sticky_logo":0,"osh_custom_retina_sticky_logo":0,"osh_custom_sticky_logo_height":0,"osh_background_color":"","osh_links_color":"","osh_links_hover_color":"","osh_links_active_color":"","osh_links_bg_color":"","osh_links_hover_bg_color":"","osh_links_active_bg_color":"","osh_menu_social_links_color":"","osh_menu_social_hover_links_color":"","footnotes":""},"class_list":["post-2307","page","type-page","status-publish","hentry","entry","owp-thumbs-layout-vertical","owp-btn-big","owp-tabs-layout-horizontal","has-no-thumbnails","has-product-nav"],"yoast_head":"<!-- This site is optimized with the Yoast SEO Premium plugin v18.2.1 (Yoast SEO v27.4) - https:\/\/yoast.com\/product\/yoast-seo-premium-wordpress\/ -->\n<title>MESAFELI SATIS S\u00d6ZLESMESI - Muhtar Sweets<\/title>\n<meta name=\"robots\" content=\"index, follow, max-snippet:-1, max-image-preview:large, max-video-preview:-1\" \/>\n<link rel=\"canonical\" href=\"https:\/\/muhtarsweets.com\/tr\/mesafeli-satis-sozlesmesi\/\" \/>\n<meta property=\"og:locale\" content=\"tr_TR\" \/>\n<meta property=\"og:type\" content=\"article\" \/>\n<meta property=\"og:title\" content=\"MESAFELI SATIS S\u00d6ZLESMESI\" \/>\n<meta property=\"og:description\" content=\"%\" \/>\n<meta property=\"og:url\" content=\"https:\/\/muhtarsweets.com\/tr\/mesafeli-satis-sozlesmesi\/\" \/>\n<meta property=\"og:site_name\" content=\"Muhtar Sweets\" \/>\n<meta property=\"article:publisher\" content=\"https:\/\/www.facebook.com\/muhtarsweets\" \/>\n<meta property=\"article:modified_time\" content=\"2022-10-13T08:24:09+00:00\" \/>\n<meta name=\"twitter:card\" content=\"summary_large_image\" \/>\n<meta name=\"twitter:label1\" content=\"Tahmini okuma s\u00fcresi\" \/>\n\t<meta name=\"twitter:data1\" content=\"5 dakika\" \/>\n<script type=\"application\/ld+json\" class=\"yoast-schema-graph\">{\"@context\":\"https:\\\/\\\/schema.org\",\"@graph\":[{\"@type\":\"WebPage\",\"@id\":\"https:\\\/\\\/muhtarsweets.com\\\/tr\\\/mesafeli-satis-sozlesmesi\\\/\",\"url\":\"https:\\\/\\\/muhtarsweets.com\\\/tr\\\/mesafeli-satis-sozlesmesi\\\/\",\"name\":\"MESAFELI SATIS S\u00d6ZLESMESI - Muhtar Sweets\",\"isPartOf\":{\"@id\":\"https:\\\/\\\/muhtarsweets.com\\\/tr\\\/#website\"},\"datePublished\":\"2022-10-06T22:06:23+00:00\",\"dateModified\":\"2022-10-13T08:24:09+00:00\",\"breadcrumb\":{\"@id\":\"https:\\\/\\\/muhtarsweets.com\\\/tr\\\/mesafeli-satis-sozlesmesi\\\/#breadcrumb\"},\"inLanguage\":\"tr\",\"potentialAction\":[{\"@type\":\"ReadAction\",\"target\":[\"https:\\\/\\\/muhtarsweets.com\\\/tr\\\/mesafeli-satis-sozlesmesi\\\/\"]}]},{\"@type\":\"BreadcrumbList\",\"@id\":\"https:\\\/\\\/muhtarsweets.com\\\/tr\\\/mesafeli-satis-sozlesmesi\\\/#breadcrumb\",\"itemListElement\":[{\"@type\":\"ListItem\",\"position\":1,\"name\":\"Home\",\"item\":\"https:\\\/\\\/muhtarsweets.com\\\/tr\\\/ana-sayfa\\\/\"},{\"@type\":\"ListItem\",\"position\":2,\"name\":\"MESAFELI SATIS S\u00d6ZLESMESI\"}]},{\"@type\":\"WebSite\",\"@id\":\"https:\\\/\\\/muhtarsweets.com\\\/tr\\\/#website\",\"url\":\"https:\\\/\\\/muhtarsweets.com\\\/tr\\\/\",\"name\":\"Muhtar Sweets\",\"description\":\"Quality and goodwill in work\",\"publisher\":{\"@id\":\"https:\\\/\\\/muhtarsweets.com\\\/tr\\\/#organization\"},\"potentialAction\":[{\"@type\":\"SearchAction\",\"target\":{\"@type\":\"EntryPoint\",\"urlTemplate\":\"https:\\\/\\\/muhtarsweets.com\\\/tr\\\/?s={search_term_string}\"},\"query-input\":{\"@type\":\"PropertyValueSpecification\",\"valueRequired\":true,\"valueName\":\"search_term_string\"}}],\"inLanguage\":\"tr\"},{\"@type\":\"Organization\",\"@id\":\"https:\\\/\\\/muhtarsweets.com\\\/tr\\\/#organization\",\"name\":\"Muhtar Group\",\"url\":\"https:\\\/\\\/muhtarsweets.com\\\/tr\\\/\",\"logo\":{\"@type\":\"ImageObject\",\"inLanguage\":\"tr\",\"@id\":\"https:\\\/\\\/muhtarsweets.com\\\/tr\\\/#\\\/schema\\\/logo\\\/image\\\/\",\"url\":\"https:\\\/\\\/muhtarsweets.com\\\/wp-content\\\/uploads\\\/2022\\\/10\\\/muhtar-logo-150-1.png\",\"contentUrl\":\"https:\\\/\\\/muhtarsweets.com\\\/wp-content\\\/uploads\\\/2022\\\/10\\\/muhtar-logo-150-1.png\",\"width\":150,\"height\":183,\"caption\":\"Muhtar Group\"},\"image\":{\"@id\":\"https:\\\/\\\/muhtarsweets.com\\\/tr\\\/#\\\/schema\\\/logo\\\/image\\\/\"},\"sameAs\":[\"https:\\\/\\\/www.facebook.com\\\/muhtarsweets\",\"https:\\\/\\\/www.youtube.com\\\/channel\\\/UCF9PmNU1SL_8_M6Ih6mrmVQ\",\"https:\\\/\\\/www.instagram.com\\\/muhtarsweets\\\/\"]}]}<\/script>\n<!-- \/ Yoast SEO Premium plugin. -->","yoast_head_json":{"title":"MESAFELI SATIS S\u00d6ZLESMESI - Muhtar Sweets","robots":{"index":"index","follow":"follow","max-snippet":"max-snippet:-1","max-image-preview":"max-image-preview:large","max-video-preview":"max-video-preview:-1"},"canonical":"https:\/\/muhtarsweets.com\/tr\/mesafeli-satis-sozlesmesi\/","og_locale":"tr_TR","og_type":"article","og_title":"MESAFELI SATIS S\u00d6ZLESMESI","og_description":"%","og_url":"https:\/\/muhtarsweets.com\/tr\/mesafeli-satis-sozlesmesi\/","og_site_name":"Muhtar Sweets","article_publisher":"https:\/\/www.facebook.com\/muhtarsweets","article_modified_time":"2022-10-13T08:24:09+00:00","twitter_card":"summary_large_image","twitter_misc":{"Tahmini okuma s\u00fcresi":"5 dakika"},"schema":{"@context":"https:\/\/schema.org","@graph":[{"@type":"WebPage","@id":"https:\/\/muhtarsweets.com\/tr\/mesafeli-satis-sozlesmesi\/","url":"https:\/\/muhtarsweets.com\/tr\/mesafeli-satis-sozlesmesi\/","name":"MESAFELI SATIS S\u00d6ZLESMESI - Muhtar Sweets","isPartOf":{"@id":"https:\/\/muhtarsweets.com\/tr\/#website"},"datePublished":"2022-10-06T22:06:23+00:00","dateModified":"2022-10-13T08:24:09+00:00","breadcrumb":{"@id":"https:\/\/muhtarsweets.com\/tr\/mesafeli-satis-sozlesmesi\/#breadcrumb"},"inLanguage":"tr","potentialAction":[{"@type":"ReadAction","target":["https:\/\/muhtarsweets.com\/tr\/mesafeli-satis-sozlesmesi\/"]}]},{"@type":"BreadcrumbList","@id":"https:\/\/muhtarsweets.com\/tr\/mesafeli-satis-sozlesmesi\/#breadcrumb","itemListElement":[{"@type":"ListItem","position":1,"name":"Home","item":"https:\/\/muhtarsweets.com\/tr\/ana-sayfa\/"},{"@type":"ListItem","position":2,"name":"MESAFELI SATIS S\u00d6ZLESMESI"}]},{"@type":"WebSite","@id":"https:\/\/muhtarsweets.com\/tr\/#website","url":"https:\/\/muhtarsweets.com\/tr\/","name":"Muhtar Sweets","description":"Quality and goodwill in work","publisher":{"@id":"https:\/\/muhtarsweets.com\/tr\/#organization"},"potentialAction":[{"@type":"SearchAction","target":{"@type":"EntryPoint","urlTemplate":"https:\/\/muhtarsweets.com\/tr\/?s={search_term_string}"},"query-input":{"@type":"PropertyValueSpecification","valueRequired":true,"valueName":"search_term_string"}}],"inLanguage":"tr"},{"@type":"Organization","@id":"https:\/\/muhtarsweets.com\/tr\/#organization","name":"Muhtar Group","url":"https:\/\/muhtarsweets.com\/tr\/","logo":{"@type":"ImageObject","inLanguage":"tr","@id":"https:\/\/muhtarsweets.com\/tr\/#\/schema\/logo\/image\/","url":"https:\/\/muhtarsweets.com\/wp-content\/uploads\/2022\/10\/muhtar-logo-150-1.png","contentUrl":"https:\/\/muhtarsweets.com\/wp-content\/uploads\/2022\/10\/muhtar-logo-150-1.png","width":150,"height":183,"caption":"Muhtar Group"},"image":{"@id":"https:\/\/muhtarsweets.com\/tr\/#\/schema\/logo\/image\/"},"sameAs":["https:\/\/www.facebook.com\/muhtarsweets","https:\/\/www.youtube.com\/channel\/UCF9PmNU1SL_8_M6Ih6mrmVQ","https:\/\/www.instagram.com\/muhtarsweets\/"]}]}},"_links":{"self":[{"href":"https:\/\/muhtarsweets.com\/tr\/wp-json\/wp\/v2\/pages\/2307","targetHints":{"allow":["GET"]}}],"collection":[{"href":"https:\/\/muhtarsweets.com\/tr\/wp-json\/wp\/v2\/pages"}],"about":[{"href":"https:\/\/muhtarsweets.com\/tr\/wp-json\/wp\/v2\/types\/page"}],"author":[{"embeddable":true,"href":"https:\/\/muhtarsweets.com\/tr\/wp-json\/wp\/v2\/users\/1"}],"replies":[{"embeddable":true,"href":"https:\/\/muhtarsweets.com\/tr\/wp-json\/wp\/v2\/comments?post=2307"}],"version-history":[{"count":7,"href":"https:\/\/muhtarsweets.com\/tr\/wp-json\/wp\/v2\/pages\/2307\/revisions"}],"predecessor-version":[{"id":2327,"href":"https:\/\/muhtarsweets.com\/tr\/wp-json\/wp\/v2\/pages\/2307\/revisions\/2327"}],"wp:attachment":[{"href":"https:\/\/muhtarsweets.com\/tr\/wp-json\/wp\/v2\/media?parent=2307"}],"curies":[{"name":"wp","href":"https:\/\/api.w.org\/{rel}","templated":true}]}}