{"id":2302,"date":"2022-10-07T01:13:39","date_gmt":"2022-10-06T22:13:39","guid":{"rendered":"https:\/\/muhtarsweets.com\/?page_id=2302"},"modified":"2022-10-13T11:24:00","modified_gmt":"2022-10-13T08:24:00","slug":"kullanici-sozlesmesi","status":"publish","type":"page","link":"https:\/\/muhtarsweets.com\/tr\/kullanici-sozlesmesi\/","title":{"rendered":"Kullan\u0131c\u0131 S\u00f6zle\u015fmesi"},"content":{"rendered":"\n<p>18 yasindan k\u00fc\u00e7\u00fck kisiler sitemizden alisveris yapamaz.<\/p>\n\n<p>Sitemizden yapilacak alisverislerde \u00f6deme alici ile satici arasinda ger\u00e7eklesmektedir.<\/p>\n\n<p>Siiparisler 2 &#8211; 7 G\u00fcn I\u00e7ersinde Kargoya Verilir<\/p>\n\n<p>Siparis tarihinden sonra ger\u00e7eklesen, daha \u00f6nceden \u00f6n g\u00f6r\u00fclemeyen sebeplerden (tabii afet, savas, ter\u00f6r, iletisim hatlarindaki b\u00fcy\u00fck sorunlar vs.) dolayi s\u00f6zlesmeyi imzalayan taraflarin sorumluluklarini yerine getirememeleri ve bu durumun on (10) g\u00fcnden fazla s\u00fcrmesi durumunda taraflarin her birinin tek tarafli fesih hakki dogacaktir. .<\/p>\n\n<p>Sitemizden, satisa sundugu \u00fcr\u00fcnler i\u00e7in stok tutmamaktadir. M\u00fcsterileri tarafindan siparis edilen \u00fcr\u00fcnler, \u00fcr\u00fcn\u00fcn \u00fcreticisi, distrib\u00fct\u00f6r\u00fc veya dagiticisindan temin edilerek ulastirilmaktadir. Nadiren de olsa, tedarik\u00e7i firma stoklarinda bulunmayan \u00fcr\u00fcnler y\u00fcz\u00fcnden gecikmeler yasanabilir. Bu t\u00fcr sorunlardan dolayi \u00fcr\u00fcn\u00fcn temin edilememesi veya teslimatin gecikmesi durumunda m\u00fcsterilerimiz bilgilendirilir ve istenirse \u00fcr\u00fcn bedeli olarak alinmis olan tutar iade edilerek siparis iptal edilir. \u00dccret iadesi basligi altinda detayli bilgiyi bulabilirsiniz.<\/p>\n\n<p>Teslimat sirasinda \u00fcr\u00fcn paketi m\u00fcsteri tarafindan kontrol edilmeli, hasarli paketler teslim alinmayarak tutanak tutturulmalidir. Daha sonra sitemizin iletisim bilgileri kismindaki telefon numaralari aranarak durum bildirilmelidir. Bunun akabinde siparis yeniden hazirlanarak en kisa zamanda g\u00f6nderilecektir. Eger hasarli, paketi a\u00e7ilmis \u00fcr\u00fcn\u00fc teslim alirsaniz kargo firmasinin \u00fcr\u00fcn\u00fc size tam olarak ulastirdigini kabul etmis olursunuz.<\/p>\n\n<p>Satin alinan \u00fcr\u00fcnler, fatura tarihinden itibaren yedi (7) g\u00fcn i\u00e7erisinde, paketi a\u00e7ilmadan, kullanilmadan ve nedeni belirtilerek iade edilebilir.<\/p>\n\n<p>Sitemizden alisveris yapan kisi ve kuruluslar yukaridaki maddeleri kabul etmis sayilir.<\/p>\n\n<p><\/p>\n","protected":false},"excerpt":{"rendered":"<p>18 yasindan k\u00fc\u00e7\u00fck kisiler sitemizden alisveris yapamaz. Sitemizden yapilacak alisverislerde \u00f6deme alici ile satici arasinda ger\u00e7eklesmektedir. Siiparisler 2 &#8211; 7 G\u00fcn I\u00e7ersinde Kargoya Verilir Siparis tarihinden sonra ger\u00e7eklesen, daha \u00f6nceden \u00f6n g\u00f6r\u00fclemeyen sebeplerden (tabii afet, savas, ter\u00f6r, iletisim hatlarindaki b\u00fcy\u00fck sorunlar vs.) dolayi s\u00f6zlesmeyi imzalayan taraflarin sorumluluklarini yerine getirememeleri ve bu durumun on (10) g\u00fcnden [&hellip;]<\/p>\n","protected":false},"author":1,"featured_media":0,"parent":0,"menu_order":0,"comment_status":"closed","ping_status":"closed","template":"","meta":{"_monsterinsights_skip_tracking":false,"_monsterinsights_sitenote_active":false,"_monsterinsights_sitenote_note":"","_monsterinsights_sitenote_category":0,"ocean_post_layout":"","ocean_both_sidebars_style":"","ocean_both_sidebars_content_width":0,"ocean_both_sidebars_sidebars_width":0,"ocean_sidebar":"0","ocean_second_sidebar":"0","ocean_disable_margins":"enable","ocean_add_body_class":"","ocean_shortcode_before_top_bar":"","ocean_shortcode_after_top_bar":"","ocean_shortcode_before_header":"","ocean_shortcode_after_header":"","ocean_has_shortcode":"","ocean_shortcode_after_title":"","ocean_shortcode_before_footer_widgets":"","ocean_shortcode_after_footer_widgets":"","ocean_shortcode_before_footer_bottom":"","ocean_shortcode_after_footer_bottom":"","ocean_display_top_bar":"default","ocean_display_header":"default","ocean_header_style":"","ocean_center_header_left_menu":"0","ocean_custom_header_template":"0","ocean_custom_logo":0,"ocean_custom_retina_logo":0,"ocean_custom_logo_max_width":0,"ocean_custom_logo_tablet_max_width":0,"ocean_custom_logo_mobile_max_width":0,"ocean_custom_logo_max_height":0,"ocean_custom_logo_tablet_max_height":0,"ocean_custom_logo_mobile_max_height":0,"ocean_header_custom_menu":"0","ocean_menu_typo_font_family":"0","ocean_menu_typo_font_subset":"","ocean_menu_typo_font_size":0,"ocean_menu_typo_font_size_tablet":0,"ocean_menu_typo_font_size_mobile":0,"ocean_menu_typo_font_size_unit":"px","ocean_menu_typo_font_weight":"","ocean_menu_typo_font_weight_tablet":"","ocean_menu_typo_font_weight_mobile":"","ocean_menu_typo_transform":"","ocean_menu_typo_transform_tablet":"","ocean_menu_typo_transform_mobile":"","ocean_menu_typo_line_height":0,"ocean_menu_typo_line_height_tablet":0,"ocean_menu_typo_line_height_mobile":0,"ocean_menu_typo_line_height_unit":"","ocean_menu_typo_spacing":0,"ocean_menu_typo_spacing_tablet":0,"ocean_menu_typo_spacing_mobile":0,"ocean_menu_typo_spacing_unit":"","ocean_menu_link_color":"","ocean_menu_link_color_hover":"","ocean_menu_link_color_active":"","ocean_menu_link_background":"","ocean_menu_link_hover_background":"","ocean_menu_link_active_background":"","ocean_menu_social_links_bg":"","ocean_menu_social_hover_links_bg":"","ocean_menu_social_links_color":"","ocean_menu_social_hover_links_color":"","ocean_disable_title":"default","ocean_disable_heading":"default","ocean_post_title":"","ocean_post_subheading":"","ocean_post_title_style":"","ocean_post_title_background_color":"","ocean_post_title_background":0,"ocean_post_title_bg_image_position":"","ocean_post_title_bg_image_attachment":"","ocean_post_title_bg_image_repeat":"","ocean_post_title_bg_image_size":"","ocean_post_title_height":0,"ocean_post_title_bg_overlay":0.5,"ocean_post_title_bg_overlay_color":"","ocean_disable_breadcrumbs":"default","ocean_breadcrumbs_color":"","ocean_breadcrumbs_separator_color":"","ocean_breadcrumbs_links_color":"","ocean_breadcrumbs_links_hover_color":"","ocean_display_footer_widgets":"default","ocean_display_footer_bottom":"default","ocean_custom_footer_template":"0","osh_disable_topbar_sticky":"default","osh_disable_header_sticky":"default","osh_sticky_header_style":"default","osh_sticky_header_effect":"","osh_custom_sticky_logo":0,"osh_custom_retina_sticky_logo":0,"osh_custom_sticky_logo_height":0,"osh_background_color":"","osh_links_color":"","osh_links_hover_color":"","osh_links_active_color":"","osh_links_bg_color":"","osh_links_hover_bg_color":"","osh_links_active_bg_color":"","osh_menu_social_links_color":"","osh_menu_social_hover_links_color":"","footnotes":""},"class_list":["post-2302","page","type-page","status-publish","hentry","entry","owp-thumbs-layout-vertical","owp-btn-big","owp-tabs-layout-horizontal","has-no-thumbnails","has-product-nav"],"yoast_head":"<!-- This site is optimized with the Yoast SEO Premium plugin v18.2.1 (Yoast SEO v27.4) - https:\/\/yoast.com\/product\/yoast-seo-premium-wordpress\/ -->\n<title>Kullan\u0131c\u0131 S\u00f6zle\u015fmesi - Muhtar Sweets<\/title>\n<meta name=\"robots\" content=\"index, follow, max-snippet:-1, max-image-preview:large, max-video-preview:-1\" \/>\n<link rel=\"canonical\" href=\"https:\/\/muhtarsweets.com\/tr\/kullanici-sozlesmesi\/\" \/>\n<meta property=\"og:locale\" content=\"tr_TR\" \/>\n<meta property=\"og:type\" content=\"article\" \/>\n<meta property=\"og:title\" content=\"Kullan\u0131c\u0131 S\u00f6zle\u015fmesi\" \/>\n<meta property=\"og:description\" content=\"%\" \/>\n<meta property=\"og:url\" content=\"https:\/\/muhtarsweets.com\/tr\/kullanici-sozlesmesi\/\" \/>\n<meta property=\"og:site_name\" content=\"Muhtar Sweets\" \/>\n<meta property=\"article:publisher\" content=\"https:\/\/www.facebook.com\/muhtarsweets\" \/>\n<meta property=\"article:modified_time\" content=\"2022-10-13T08:24:00+00:00\" \/>\n<meta name=\"twitter:card\" content=\"summary_large_image\" \/>\n<meta name=\"twitter:label1\" content=\"Tahmini okuma s\u00fcresi\" \/>\n\t<meta name=\"twitter:data1\" content=\"1 dakika\" \/>\n<script type=\"application\/ld+json\" class=\"yoast-schema-graph\">{\"@context\":\"https:\\\/\\\/schema.org\",\"@graph\":[{\"@type\":\"WebPage\",\"@id\":\"https:\\\/\\\/muhtarsweets.com\\\/tr\\\/kullanici-sozlesmesi\\\/\",\"url\":\"https:\\\/\\\/muhtarsweets.com\\\/tr\\\/kullanici-sozlesmesi\\\/\",\"name\":\"Kullan\u0131c\u0131 S\u00f6zle\u015fmesi - Muhtar Sweets\",\"isPartOf\":{\"@id\":\"https:\\\/\\\/muhtarsweets.com\\\/tr\\\/#website\"},\"datePublished\":\"2022-10-06T22:13:39+00:00\",\"dateModified\":\"2022-10-13T08:24:00+00:00\",\"breadcrumb\":{\"@id\":\"https:\\\/\\\/muhtarsweets.com\\\/tr\\\/kullanici-sozlesmesi\\\/#breadcrumb\"},\"inLanguage\":\"tr\",\"potentialAction\":[{\"@type\":\"ReadAction\",\"target\":[\"https:\\\/\\\/muhtarsweets.com\\\/tr\\\/kullanici-sozlesmesi\\\/\"]}]},{\"@type\":\"BreadcrumbList\",\"@id\":\"https:\\\/\\\/muhtarsweets.com\\\/tr\\\/kullanici-sozlesmesi\\\/#breadcrumb\",\"itemListElement\":[{\"@type\":\"ListItem\",\"position\":1,\"name\":\"Home\",\"item\":\"https:\\\/\\\/muhtarsweets.com\\\/tr\\\/ana-sayfa\\\/\"},{\"@type\":\"ListItem\",\"position\":2,\"name\":\"Kullan\u0131c\u0131 S\u00f6zle\u015fmesi\"}]},{\"@type\":\"WebSite\",\"@id\":\"https:\\\/\\\/muhtarsweets.com\\\/tr\\\/#website\",\"url\":\"https:\\\/\\\/muhtarsweets.com\\\/tr\\\/\",\"name\":\"Muhtar Sweets\",\"description\":\"Quality and goodwill in work\",\"publisher\":{\"@id\":\"https:\\\/\\\/muhtarsweets.com\\\/tr\\\/#organization\"},\"potentialAction\":[{\"@type\":\"SearchAction\",\"target\":{\"@type\":\"EntryPoint\",\"urlTemplate\":\"https:\\\/\\\/muhtarsweets.com\\\/tr\\\/?s={search_term_string}\"},\"query-input\":{\"@type\":\"PropertyValueSpecification\",\"valueRequired\":true,\"valueName\":\"search_term_string\"}}],\"inLanguage\":\"tr\"},{\"@type\":\"Organization\",\"@id\":\"https:\\\/\\\/muhtarsweets.com\\\/tr\\\/#organization\",\"name\":\"Muhtar Group\",\"url\":\"https:\\\/\\\/muhtarsweets.com\\\/tr\\\/\",\"logo\":{\"@type\":\"ImageObject\",\"inLanguage\":\"tr\",\"@id\":\"https:\\\/\\\/muhtarsweets.com\\\/tr\\\/#\\\/schema\\\/logo\\\/image\\\/\",\"url\":\"https:\\\/\\\/muhtarsweets.com\\\/wp-content\\\/uploads\\\/2022\\\/10\\\/muhtar-logo-150-1.png\",\"contentUrl\":\"https:\\\/\\\/muhtarsweets.com\\\/wp-content\\\/uploads\\\/2022\\\/10\\\/muhtar-logo-150-1.png\",\"width\":150,\"height\":183,\"caption\":\"Muhtar Group\"},\"image\":{\"@id\":\"https:\\\/\\\/muhtarsweets.com\\\/tr\\\/#\\\/schema\\\/logo\\\/image\\\/\"},\"sameAs\":[\"https:\\\/\\\/www.facebook.com\\\/muhtarsweets\",\"https:\\\/\\\/www.youtube.com\\\/channel\\\/UCF9PmNU1SL_8_M6Ih6mrmVQ\",\"https:\\\/\\\/www.instagram.com\\\/muhtarsweets\\\/\"]}]}<\/script>\n<!-- \/ Yoast SEO Premium plugin. -->","yoast_head_json":{"title":"Kullan\u0131c\u0131 S\u00f6zle\u015fmesi - Muhtar Sweets","robots":{"index":"index","follow":"follow","max-snippet":"max-snippet:-1","max-image-preview":"max-image-preview:large","max-video-preview":"max-video-preview:-1"},"canonical":"https:\/\/muhtarsweets.com\/tr\/kullanici-sozlesmesi\/","og_locale":"tr_TR","og_type":"article","og_title":"Kullan\u0131c\u0131 S\u00f6zle\u015fmesi","og_description":"%","og_url":"https:\/\/muhtarsweets.com\/tr\/kullanici-sozlesmesi\/","og_site_name":"Muhtar Sweets","article_publisher":"https:\/\/www.facebook.com\/muhtarsweets","article_modified_time":"2022-10-13T08:24:00+00:00","twitter_card":"summary_large_image","twitter_misc":{"Tahmini okuma s\u00fcresi":"1 dakika"},"schema":{"@context":"https:\/\/schema.org","@graph":[{"@type":"WebPage","@id":"https:\/\/muhtarsweets.com\/tr\/kullanici-sozlesmesi\/","url":"https:\/\/muhtarsweets.com\/tr\/kullanici-sozlesmesi\/","name":"Kullan\u0131c\u0131 S\u00f6zle\u015fmesi - Muhtar Sweets","isPartOf":{"@id":"https:\/\/muhtarsweets.com\/tr\/#website"},"datePublished":"2022-10-06T22:13:39+00:00","dateModified":"2022-10-13T08:24:00+00:00","breadcrumb":{"@id":"https:\/\/muhtarsweets.com\/tr\/kullanici-sozlesmesi\/#breadcrumb"},"inLanguage":"tr","potentialAction":[{"@type":"ReadAction","target":["https:\/\/muhtarsweets.com\/tr\/kullanici-sozlesmesi\/"]}]},{"@type":"BreadcrumbList","@id":"https:\/\/muhtarsweets.com\/tr\/kullanici-sozlesmesi\/#breadcrumb","itemListElement":[{"@type":"ListItem","position":1,"name":"Home","item":"https:\/\/muhtarsweets.com\/tr\/ana-sayfa\/"},{"@type":"ListItem","position":2,"name":"Kullan\u0131c\u0131 S\u00f6zle\u015fmesi"}]},{"@type":"WebSite","@id":"https:\/\/muhtarsweets.com\/tr\/#website","url":"https:\/\/muhtarsweets.com\/tr\/","name":"Muhtar Sweets","description":"Quality and goodwill in work","publisher":{"@id":"https:\/\/muhtarsweets.com\/tr\/#organization"},"potentialAction":[{"@type":"SearchAction","target":{"@type":"EntryPoint","urlTemplate":"https:\/\/muhtarsweets.com\/tr\/?s={search_term_string}"},"query-input":{"@type":"PropertyValueSpecification","valueRequired":true,"valueName":"search_term_string"}}],"inLanguage":"tr"},{"@type":"Organization","@id":"https:\/\/muhtarsweets.com\/tr\/#organization","name":"Muhtar Group","url":"https:\/\/muhtarsweets.com\/tr\/","logo":{"@type":"ImageObject","inLanguage":"tr","@id":"https:\/\/muhtarsweets.com\/tr\/#\/schema\/logo\/image\/","url":"https:\/\/muhtarsweets.com\/wp-content\/uploads\/2022\/10\/muhtar-logo-150-1.png","contentUrl":"https:\/\/muhtarsweets.com\/wp-content\/uploads\/2022\/10\/muhtar-logo-150-1.png","width":150,"height":183,"caption":"Muhtar Group"},"image":{"@id":"https:\/\/muhtarsweets.com\/tr\/#\/schema\/logo\/image\/"},"sameAs":["https:\/\/www.facebook.com\/muhtarsweets","https:\/\/www.youtube.com\/channel\/UCF9PmNU1SL_8_M6Ih6mrmVQ","https:\/\/www.instagram.com\/muhtarsweets\/"]}]}},"_links":{"self":[{"href":"https:\/\/muhtarsweets.com\/tr\/wp-json\/wp\/v2\/pages\/2302","targetHints":{"allow":["GET"]}}],"collection":[{"href":"https:\/\/muhtarsweets.com\/tr\/wp-json\/wp\/v2\/pages"}],"about":[{"href":"https:\/\/muhtarsweets.com\/tr\/wp-json\/wp\/v2\/types\/page"}],"author":[{"embeddable":true,"href":"https:\/\/muhtarsweets.com\/tr\/wp-json\/wp\/v2\/users\/1"}],"replies":[{"embeddable":true,"href":"https:\/\/muhtarsweets.com\/tr\/wp-json\/wp\/v2\/comments?post=2302"}],"version-history":[{"count":3,"href":"https:\/\/muhtarsweets.com\/tr\/wp-json\/wp\/v2\/pages\/2302\/revisions"}],"predecessor-version":[{"id":2353,"href":"https:\/\/muhtarsweets.com\/tr\/wp-json\/wp\/v2\/pages\/2302\/revisions\/2353"}],"wp:attachment":[{"href":"https:\/\/muhtarsweets.com\/tr\/wp-json\/wp\/v2\/media?parent=2302"}],"curies":[{"name":"wp","href":"https:\/\/api.w.org\/{rel}","templated":true}]}}