{"id":672,"date":"2018-12-12T16:02:32","date_gmt":"2018-12-12T13:02:32","guid":{"rendered":"https:\/\/muhtarsweets.com\/contact\/"},"modified":"2025-10-13T15:03:56","modified_gmt":"2025-10-13T12:03:56","slug":"contact-us","status":"publish","type":"page","link":"https:\/\/muhtarsweets.com\/en\/contact-us\/","title":{"rendered":"Contact Us"},"content":{"rendered":"\t\t<div data-elementor-type=\"wp-post\" data-elementor-id=\"672\" class=\"elementor elementor-672\" data-elementor-post-type=\"page\">\n\t\t\t\t<div class=\"elementor-element elementor-element-dd7631b e-flex e-con-boxed e-con e-parent\" data-id=\"dd7631b\" data-element_type=\"container\" data-e-type=\"container\">\n\t\t\t\t\t<div class=\"e-con-inner\">\n\t\t<div class=\"elementor-element elementor-element-09ae225 e-con-full e-flex e-con e-child\" data-id=\"09ae225\" data-element_type=\"container\" data-e-type=\"container\">\n\t\t\t\t<div class=\"elementor-element elementor-element-572c514 elementor-widget elementor-widget-wp-widget-ocean_contact_info\" data-id=\"572c514\" data-element_type=\"widget\" data-e-type=\"widget\" data-widget_type=\"wp-widget-ocean_contact_info.default\">\n\t\t\t\t<div class=\"elementor-widget-container\">\n\t\t\t\t\t<ul class=\"contact-info-widget big-icons\"><li class=\"address\"><i class=\"icon-location-pin\" aria-hidden=\"true\"><\/i><div class=\"oceanwp-info-wrap\"><span class=\"oceanwp-contact-title\"><\/span><span class=\"oceanwp-contact-text\">\u0130kitelli O.S.B., Mutsan Sanayi Sitesi<\/span><\/div><\/li><li class=\"phone\"><i class=\"icon-phone\" aria-hidden=\"true\"><\/i><div class=\"oceanwp-info-wrap\"><span class=\"oceanwp-contact-title\"><\/span><a href=\"tel:tel:\/\/+905051242755\"><span class=\"oceanwp-contact-text\">+90 505 124 27 55<\/span><\/a><span class=\"screen-reader-text\">Opens in your application<\/span><\/div><\/li><li class=\"email\"><i class=\"icon-envelope\" aria-hidden=\"true\"><\/i><div class=\"oceanwp-info-wrap\"><span class=\"oceanwp-contact-title\"><\/span><span class=\"oceanwp-contact-text\"><a href=\"mailto:info&#064;mu&#104;t&#097;&#114;&#115;w&#101;&#101;ts&#046;&#099;o&#109;\">info@muhtarsweets.com<\/a><span class=\"screen-reader-text\">Opens in your application<\/span><\/span><\/div><\/li><\/ul>\t\t\t\t<\/div>\n\t\t\t\t<\/div>\n\t\t\t\t<\/div>\n\t\t<div class=\"elementor-element elementor-element-00ec9ba e-con-full e-flex e-con e-child\" data-id=\"00ec9ba\" data-element_type=\"container\" data-e-type=\"container\">\n\t\t\t\t<div class=\"elementor-element elementor-element-fba6ba9 elementor-widget elementor-widget-wpforms\" data-id=\"fba6ba9\" data-element_type=\"widget\" data-e-type=\"widget\" data-widget_type=\"wpforms.default\">\n\t\t\t\t<div class=\"elementor-widget-container\">\n\t\t\t\t\t<div class=\"wpforms-container wpforms-container-full\" id=\"wpforms-2375\"><form id=\"wpforms-form-2375\" class=\"wpforms-validate wpforms-form wpforms-ajax-form\" data-formid=\"2375\" method=\"post\" enctype=\"multipart\/form-data\" action=\"\/en\/wp-json\/wp\/v2\/pages\/672\" data-token=\"4863e0f1fe4cfa1ec2abc8030729518f\"><noscript class=\"wpforms-error-noscript\">Please enable JavaScript in your browser to complete this form.<\/noscript><div class=\"wpforms-field-container\"><div id=\"wpforms-2375-field_0-container\" class=\"wpforms-field wpforms-field-name\" data-field-id=\"0\"><label class=\"wpforms-field-label\" for=\"wpforms-2375-field_0\">Name <span class=\"wpforms-required-label\">*<\/span><\/label><div class=\"wpforms-field-row wpforms-field-large\"><div class=\"wpforms-field-row-block wpforms-first wpforms-one-half\"><input type=\"text\" id=\"wpforms-2375-field_0\" class=\"wpforms-field-name-first wpforms-field-required\" name=\"wpforms[fields][0][first]\" required><label for=\"wpforms-2375-field_0\" class=\"wpforms-field-sublabel after \">First<\/label><\/div><div class=\"wpforms-field-row-block wpforms-one-half\"><input type=\"text\" id=\"wpforms-2375-field_0-last\" class=\"wpforms-field-name-last wpforms-field-required\" name=\"wpforms[fields][0][last]\" required><label for=\"wpforms-2375-field_0-last\" class=\"wpforms-field-sublabel after \">Last<\/label><\/div><\/div><\/div><div id=\"wpforms-2375-field_8-container\" class=\"wpforms-field wpforms-field-phone\" data-field-id=\"8\"><label class=\"wpforms-field-label\" for=\"wpforms-2375-field_8\">Telephone <span class=\"wpforms-required-label\">*<\/span><\/label><input type=\"tel\" id=\"wpforms-2375-field_8\" class=\"wpforms-field-large wpforms-field-required\" data-rule-int-phone-field=\"true\" name=\"wpforms[fields][8]\" required><\/div><div id=\"wpforms-2375-field_1-container\" class=\"wpforms-field wpforms-field-email\" data-field-id=\"1\"><label class=\"wpforms-field-label\" for=\"wpforms-2375-field_1\">Email <span class=\"wpforms-required-label\">*<\/span><\/label><input type=\"email\" id=\"wpforms-2375-field_1\" class=\"wpforms-field-large wpforms-field-required\" name=\"wpforms[fields][1]\" required><\/div><div id=\"wpforms-2375-field_2-container\" class=\"wpforms-field wpforms-field-textarea\" data-field-id=\"2\"><label class=\"wpforms-field-label\" for=\"wpforms-2375-field_2\">Message<\/label><textarea id=\"wpforms-2375-field_2\" class=\"wpforms-field-medium wpforms-limit-characters-enabled\" data-form-id=\"2375\" data-field-id=\"2\" data-text-limit=\"350\" name=\"wpforms[fields][2]\" maxlength=\"350\" ><\/textarea><\/div><\/div><div class=\"wpforms-field wpforms-field-hp\"><label for=\"wpforms-2375-field-hp\" class=\"wpforms-field-label\">Comment<\/label><input type=\"text\" name=\"wpforms[hp]\" id=\"wpforms-2375-field-hp\" class=\"wpforms-field-medium\"><\/div><input type=\"hidden\" name=\"wpforms[recaptcha]\" value=\"\"><div class=\"wpforms-submit-container\"><input type=\"hidden\" name=\"wpforms[id]\" value=\"2375\"><input type=\"hidden\" name=\"wpforms[author]\" value=\"1\"><button type=\"submit\" name=\"wpforms[submit]\" id=\"wpforms-submit-2375\" class=\"wpforms-submit\" data-alt-text=\"Sending...\" data-submit-text=\"Submit\" aria-live=\"assertive\" value=\"wpforms-submit\">Submit<\/button><img decoding=\"async\" data-src=\"https:\/\/muhtarsweets.com\/wp-content\/plugins\/wpforms\/assets\/images\/submit-spin.svg\" class=\"wpforms-submit-spinner lazyload\" style=\"--smush-placeholder-width: 26px; --smush-placeholder-aspect-ratio: 26\/26;display: none;\" width=\"26\" height=\"26\" alt=\"\" src=\"data:image\/svg+xml;base64,PHN2ZyB3aWR0aD0iMSIgaGVpZ2h0PSIxIiB4bWxucz0iaHR0cDovL3d3dy53My5vcmcvMjAwMC9zdmciPjwvc3ZnPg==\"><\/div><\/form><\/div>  <!-- .wpforms-container -->\t\t\t\t<\/div>\n\t\t\t\t<\/div>\n\t\t\t\t<\/div>\n\t\t\t\t\t<\/div>\n\t\t\t\t<\/div>\n\t\t\t\t<section class=\"elementor-section elementor-top-section elementor-element elementor-element-f5dce69 elementor-section-content-middle elementor-section-boxed elementor-section-height-default elementor-section-height-default\" data-id=\"f5dce69\" data-element_type=\"section\" data-e-type=\"section\" data-settings=\"{&quot;background_background&quot;:&quot;classic&quot;}\">\n\t\t\t\t\t\t<div class=\"elementor-container elementor-column-gap-wide\">\n\t\t\t\t\t<div class=\"elementor-column elementor-col-50 elementor-top-column elementor-element elementor-element-454275e\" data-id=\"454275e\" data-element_type=\"column\" data-e-type=\"column\">\n\t\t\t<div class=\"elementor-widget-wrap elementor-element-populated\">\n\t\t\t\t\t\t<div class=\"elementor-element elementor-element-11643ab elementor-widget elementor-widget-heading\" data-id=\"11643ab\" data-element_type=\"widget\" data-e-type=\"widget\" data-widget_type=\"heading.default\">\n\t\t\t\t<div class=\"elementor-widget-container\">\n\t\t\t\t\t<h2 class=\"elementor-heading-title elementor-size-default\">HEAD OFFICE<\/h2>\t\t\t\t<\/div>\n\t\t\t\t<\/div>\n\t\t\t\t<div class=\"elementor-element elementor-element-8c7ffe0 elementor-widget elementor-widget-text-editor\" data-id=\"8c7ffe0\" data-element_type=\"widget\" data-e-type=\"widget\" data-widget_type=\"text-editor.default\">\n\t\t\t\t<div class=\"elementor-widget-container\">\n\t\t\t\t\t\t\t\t\t<p>\u0130kitelli O.S.B. Mahallesi, Mutsan Mutfak\u00e7\u0131lar Sanayi Sitesi, M6 Blok No:21, 34480 Ba\u015fak\u015fehir<br \/>Istanbul, Turkey.<\/p>\t\t\t\t\t\t\t\t<\/div>\n\t\t\t\t<\/div>\n\t\t\t\t<div class=\"elementor-element elementor-element-48d37e5 elementor-icon-list--layout-traditional elementor-list-item-link-full_width elementor-widget elementor-widget-icon-list\" data-id=\"48d37e5\" data-element_type=\"widget\" data-e-type=\"widget\" data-widget_type=\"icon-list.default\">\n\t\t\t\t<div class=\"elementor-widget-container\">\n\t\t\t\t\t\t\t<ul class=\"elementor-icon-list-items\">\n\t\t\t\t\t\t\t<li class=\"elementor-icon-list-item\">\n\t\t\t\t\t\t\t\t\t\t\t<a href=\"tel:\/\/+902124860015\">\n\n\t\t\t\t\t\t\t\t\t\t\t\t<span class=\"elementor-icon-list-icon\">\n\t\t\t\t\t\t\t<i aria-hidden=\"true\" class=\"fas fa-phone\"><\/i>\t\t\t\t\t\t<\/span>\n\t\t\t\t\t\t\t\t\t\t<span class=\"elementor-icon-list-text\">+90 212 486 00 15<\/span>\n\t\t\t\t\t\t\t\t\t\t\t<\/a>\n\t\t\t\t\t\t\t\t\t<\/li>\n\t\t\t\t\t\t<\/ul>\n\t\t\t\t\t\t<\/div>\n\t\t\t\t<\/div>\n\t\t\t\t\t<\/div>\n\t\t<\/div>\n\t\t\t\t<div class=\"elementor-column elementor-col-50 elementor-top-column elementor-element elementor-element-3f55b7f\" data-id=\"3f55b7f\" data-element_type=\"column\" data-e-type=\"column\">\n\t\t\t<div class=\"elementor-widget-wrap elementor-element-populated\">\n\t\t\t\t\t\t<div class=\"elementor-element elementor-element-ba8e39e elementor-widget elementor-widget-heading\" data-id=\"ba8e39e\" data-element_type=\"widget\" data-e-type=\"widget\" data-widget_type=\"heading.default\">\n\t\t\t\t<div class=\"elementor-widget-container\">\n\t\t\t\t\t<h2 class=\"elementor-heading-title elementor-size-default\">FACTORY<\/h2>\t\t\t\t<\/div>\n\t\t\t\t<\/div>\n\t\t\t\t<div class=\"elementor-element elementor-element-17a660b elementor-widget elementor-widget-text-editor\" data-id=\"17a660b\" data-element_type=\"widget\" data-e-type=\"widget\" data-widget_type=\"text-editor.default\">\n\t\t\t\t<div class=\"elementor-widget-container\">\n\t\t\t\t\t\t\t\t\t<p>\u0130kitelli O.S.B. Mahallesi, Mutsan Mutfak\u00e7\u0131lar Sanayi Sitesi, M6 Blok No:36, 34480 Ba\u015fak\u015fehir<br \/>Istanbul, Turkey.<\/p>\t\t\t\t\t\t\t\t<\/div>\n\t\t\t\t<\/div>\n\t\t\t\t<div class=\"elementor-element elementor-element-a2e690d elementor-icon-list--layout-traditional elementor-list-item-link-full_width elementor-widget elementor-widget-icon-list\" data-id=\"a2e690d\" data-element_type=\"widget\" data-e-type=\"widget\" data-widget_type=\"icon-list.default\">\n\t\t\t\t<div class=\"elementor-widget-container\">\n\t\t\t\t\t\t\t<ul class=\"elementor-icon-list-items\">\n\t\t\t\t\t\t\t<li class=\"elementor-icon-list-item\">\n\t\t\t\t\t\t\t\t\t\t\t<a href=\"tel:\/\/+902124860015\">\n\n\t\t\t\t\t\t\t\t\t\t\t\t<span class=\"elementor-icon-list-icon\">\n\t\t\t\t\t\t\t<i aria-hidden=\"true\" class=\"fas fa-phone\"><\/i>\t\t\t\t\t\t<\/span>\n\t\t\t\t\t\t\t\t\t\t<span class=\"elementor-icon-list-text\">+90 212 486 00 15<\/span>\n\t\t\t\t\t\t\t\t\t\t\t<\/a>\n\t\t\t\t\t\t\t\t\t<\/li>\n\t\t\t\t\t\t<\/ul>\n\t\t\t\t\t\t<\/div>\n\t\t\t\t<\/div>\n\t\t\t\t\t<\/div>\n\t\t<\/div>\n\t\t\t\t\t<\/div>\n\t\t<\/section>\n\t\t\t\t<section class=\"elementor-section elementor-top-section elementor-element elementor-element-f9c608d elementor-section-full_width elementor-section-height-default elementor-section-height-default\" data-id=\"f9c608d\" data-element_type=\"section\" data-e-type=\"section\">\n\t\t\t\t\t\t<div class=\"elementor-container elementor-column-gap-no\">\n\t\t\t\t\t<div class=\"elementor-column elementor-col-100 elementor-top-column elementor-element elementor-element-cbfb6cc\" data-id=\"cbfb6cc\" data-element_type=\"column\" data-e-type=\"column\">\n\t\t\t<div class=\"elementor-widget-wrap elementor-element-populated\">\n\t\t\t\t\t\t<div class=\"elementor-element elementor-element-9c4e2ba elementor-widget elementor-widget-oew-google-map\" data-id=\"9c4e2ba\" data-element_type=\"widget\" data-e-type=\"widget\" data-settings=\"{&quot;marker_animation&quot;:&quot;drop&quot;,&quot;map_type&quot;:&quot;roadmap&quot;,&quot;map_option_streeview&quot;:&quot;yes&quot;,&quot;zoom_control&quot;:&quot;yes&quot;}\" data-widget_type=\"oew-google-map.default\">\n\t\t\t\t<div class=\"elementor-widget-container\">\n\t\t\t\t\t\n\t    <div class=\"oew-google-map-wrap\">\n\t        <div id=\"oew-google-map-9c4e2ba\" class=\"oew-google-map\" data-zoom=\"19\" data-iw-max-width=\"240\" data-locations=\"[[&quot;41.096258991&quot;,&quot;28.7992299&quot;,&quot;yes&quot;,&quot;Muhtar Group Head Office&quot;,&quot;\\u0130kitelli OSB Mah. Mutfak\\u00e7\\u0131lar sanay\\u0131 setesi M6 Blok NO:21, 34490 Ba\\u015fak\\u015fehir\\\/\\u0130stanbul.&quot;,&quot;&quot;,&quot;&quot;,&quot;&quot;,&quot;&quot;],[&quot;41.096579&quot;,&quot;28.7988418&quot;,&quot;yes&quot;,&quot;Muhtar Sweets Factory&quot;,&quot;Ba\\u015fak, 36 M6 Mutsan Mutfak\\u00e7\\u0131lar Sanayi Sitesi, 34480 \\u0130kitelli Osb\\\/Ba\\u015fak\\u015fehir\\\/\\u0130stanbul&quot;,&quot;&quot;,&quot;&quot;,&quot;&quot;,&quot;&quot;]]\"><\/div>\n\t    <\/div>\n\n\t\t\t\t\t<\/div>\n\t\t\t\t<\/div>\n\t\t\t\t\t<\/div>\n\t\t<\/div>\n\t\t\t\t\t<\/div>\n\t\t<\/section>\n\t\t\t\t<\/div>\n\t\t","protected":false},"excerpt":{"rendered":"<p>HEAD OFFICE \u0130kitelli O.S.B. Mahallesi, Mutsan Mutfak\u00e7\u0131lar Sanayi Sitesi, M6 Blok No:21, 34480 Ba\u015fak\u015fehirIstanbul, Turkey. +90 212 486 00 15 FACTORY \u0130kitelli O.S.B. Mahallesi, Mutsan Mutfak\u00e7\u0131lar Sanayi Sitesi, M6 Blok No:36, 34480 Ba\u015fak\u015fehirIstanbul, Turkey. +90 212 486 00 15<\/p>\n","protected":false},"author":1,"featured_media":0,"parent":0,"menu_order":0,"comment_status":"closed","ping_status":"closed","template":"","meta":{"_monsterinsights_skip_tracking":false,"_monsterinsights_sitenote_active":false,"_monsterinsights_sitenote_note":"","_monsterinsights_sitenote_category":0,"ocean_post_layout":"full-screen","ocean_both_sidebars_style":"","ocean_both_sidebars_content_width":0,"ocean_both_sidebars_sidebars_width":0,"ocean_sidebar":"0","ocean_second_sidebar":"0","ocean_disable_margins":"enable","ocean_add_body_class":"","ocean_shortcode_before_top_bar":"","ocean_shortcode_after_top_bar":"","ocean_shortcode_before_header":"","ocean_shortcode_after_header":"","ocean_has_shortcode":"","ocean_shortcode_after_title":"","ocean_shortcode_before_footer_widgets":"","ocean_shortcode_after_footer_widgets":"","ocean_shortcode_before_footer_bottom":"","ocean_shortcode_after_footer_bottom":"","ocean_display_top_bar":"default","ocean_display_header":"default","ocean_header_style":"","ocean_center_header_left_menu":"0","ocean_custom_header_template":"0","ocean_custom_logo":0,"ocean_custom_retina_logo":0,"ocean_custom_logo_max_width":0,"ocean_custom_logo_tablet_max_width":0,"ocean_custom_logo_mobile_max_width":0,"ocean_custom_logo_max_height":0,"ocean_custom_logo_tablet_max_height":0,"ocean_custom_logo_mobile_max_height":0,"ocean_header_custom_menu":"0","ocean_menu_typo_font_family":"0","ocean_menu_typo_font_subset":"","ocean_menu_typo_font_size":0,"ocean_menu_typo_font_size_tablet":0,"ocean_menu_typo_font_size_mobile":0,"ocean_menu_typo_font_size_unit":"px","ocean_menu_typo_font_weight":"","ocean_menu_typo_font_weight_tablet":"","ocean_menu_typo_font_weight_mobile":"","ocean_menu_typo_transform":"","ocean_menu_typo_transform_tablet":"","ocean_menu_typo_transform_mobile":"","ocean_menu_typo_line_height":0,"ocean_menu_typo_line_height_tablet":0,"ocean_menu_typo_line_height_mobile":0,"ocean_menu_typo_line_height_unit":"","ocean_menu_typo_spacing":0,"ocean_menu_typo_spacing_tablet":0,"ocean_menu_typo_spacing_mobile":0,"ocean_menu_typo_spacing_unit":"","ocean_menu_link_color":"","ocean_menu_link_color_hover":"","ocean_menu_link_color_active":"","ocean_menu_link_background":"","ocean_menu_link_hover_background":"","ocean_menu_link_active_background":"","ocean_menu_social_links_bg":"","ocean_menu_social_hover_links_bg":"","ocean_menu_social_links_color":"","ocean_menu_social_hover_links_color":"","ocean_disable_title":"default","ocean_disable_heading":"default","ocean_post_title":"","ocean_post_subheading":"","ocean_post_title_style":"background-image","ocean_post_title_background_color":"","ocean_post_title_background":1906,"ocean_post_title_bg_image_position":"bottom center","ocean_post_title_bg_image_attachment":"fixed","ocean_post_title_bg_image_repeat":"no-repeat","ocean_post_title_bg_image_size":"cover","ocean_post_title_height":0,"ocean_post_title_bg_overlay":0.5,"ocean_post_title_bg_overlay_color":"","ocean_disable_breadcrumbs":"default","ocean_breadcrumbs_color":"","ocean_breadcrumbs_separator_color":"","ocean_breadcrumbs_links_color":"","ocean_breadcrumbs_links_hover_color":"","ocean_display_footer_widgets":"default","ocean_display_footer_bottom":"default","ocean_custom_footer_template":"0","osh_disable_topbar_sticky":"default","osh_disable_header_sticky":"default","osh_sticky_header_style":"default","osh_sticky_header_effect":"","osh_custom_sticky_logo":0,"osh_custom_retina_sticky_logo":0,"osh_custom_sticky_logo_height":0,"osh_background_color":"","osh_links_color":"","osh_links_hover_color":"","osh_links_active_color":"","osh_links_bg_color":"","osh_links_hover_bg_color":"","osh_links_active_bg_color":"","osh_menu_social_links_color":"","osh_menu_social_hover_links_color":"","footnotes":""},"class_list":["post-672","page","type-page","status-publish","hentry","entry","owp-thumbs-layout-vertical","owp-btn-big","owp-tabs-layout-horizontal","has-no-thumbnails","has-product-nav"],"yoast_head":"<!-- This site is optimized with the Yoast SEO Premium plugin v18.2.1 (Yoast SEO v27.4) - https:\/\/yoast.com\/product\/yoast-seo-premium-wordpress\/ -->\n<title>Contact Us - Muhtar Sweets<\/title>\n<meta name=\"robots\" content=\"index, follow, max-snippet:-1, max-image-preview:large, max-video-preview:-1\" \/>\n<link rel=\"canonical\" href=\"https:\/\/muhtarsweets.com\/en\/contact-us\/\" \/>\n<meta property=\"og:locale\" content=\"en_US\" \/>\n<meta property=\"og:type\" content=\"article\" \/>\n<meta property=\"og:title\" content=\"Contact Us\" \/>\n<meta property=\"og:description\" content=\"%\" \/>\n<meta property=\"og:url\" content=\"https:\/\/muhtarsweets.com\/en\/contact-us\/\" \/>\n<meta property=\"og:site_name\" content=\"Muhtar Sweets\" \/>\n<meta property=\"article:publisher\" content=\"https:\/\/www.facebook.com\/muhtarsweets\" \/>\n<meta property=\"article:modified_time\" content=\"2025-10-13T12:03:56+00:00\" \/>\n<meta name=\"twitter:card\" content=\"summary_large_image\" \/>\n<meta name=\"twitter:label1\" content=\"Est. reading time\" \/>\n\t<meta name=\"twitter:data1\" content=\"17 minutes\" \/>\n<script type=\"application\/ld+json\" class=\"yoast-schema-graph\">{\"@context\":\"https:\\\/\\\/schema.org\",\"@graph\":[{\"@type\":\"WebPage\",\"@id\":\"https:\\\/\\\/muhtarsweets.com\\\/en\\\/contact-us\\\/\",\"url\":\"https:\\\/\\\/muhtarsweets.com\\\/en\\\/contact-us\\\/\",\"name\":\"Contact Us - Muhtar Sweets\",\"isPartOf\":{\"@id\":\"https:\\\/\\\/muhtarsweets.com\\\/en\\\/#website\"},\"datePublished\":\"2018-12-12T13:02:32+00:00\",\"dateModified\":\"2025-10-13T12:03:56+00:00\",\"breadcrumb\":{\"@id\":\"https:\\\/\\\/muhtarsweets.com\\\/en\\\/contact-us\\\/#breadcrumb\"},\"inLanguage\":\"en-US\",\"potentialAction\":[{\"@type\":\"ReadAction\",\"target\":[\"https:\\\/\\\/muhtarsweets.com\\\/en\\\/contact-us\\\/\"]}]},{\"@type\":\"BreadcrumbList\",\"@id\":\"https:\\\/\\\/muhtarsweets.com\\\/en\\\/contact-us\\\/#breadcrumb\",\"itemListElement\":[{\"@type\":\"ListItem\",\"position\":1,\"name\":\"Home\",\"item\":\"https:\\\/\\\/muhtarsweets.com\\\/en\\\/\"},{\"@type\":\"ListItem\",\"position\":2,\"name\":\"Contact Us\"}]},{\"@type\":\"WebSite\",\"@id\":\"https:\\\/\\\/muhtarsweets.com\\\/en\\\/#website\",\"url\":\"https:\\\/\\\/muhtarsweets.com\\\/en\\\/\",\"name\":\"Muhtar Sweets\",\"description\":\"Quality and goodwill in work\",\"publisher\":{\"@id\":\"https:\\\/\\\/muhtarsweets.com\\\/en\\\/#organization\"},\"potentialAction\":[{\"@type\":\"SearchAction\",\"target\":{\"@type\":\"EntryPoint\",\"urlTemplate\":\"https:\\\/\\\/muhtarsweets.com\\\/en\\\/?s={search_term_string}\"},\"query-input\":{\"@type\":\"PropertyValueSpecification\",\"valueRequired\":true,\"valueName\":\"search_term_string\"}}],\"inLanguage\":\"en-US\"},{\"@type\":\"Organization\",\"@id\":\"https:\\\/\\\/muhtarsweets.com\\\/en\\\/#organization\",\"name\":\"Muhtar Group\",\"url\":\"https:\\\/\\\/muhtarsweets.com\\\/en\\\/\",\"logo\":{\"@type\":\"ImageObject\",\"inLanguage\":\"en-US\",\"@id\":\"https:\\\/\\\/muhtarsweets.com\\\/en\\\/#\\\/schema\\\/logo\\\/image\\\/\",\"url\":\"https:\\\/\\\/muhtarsweets.com\\\/wp-content\\\/uploads\\\/2022\\\/10\\\/muhtar-logo-150-1.png\",\"contentUrl\":\"https:\\\/\\\/muhtarsweets.com\\\/wp-content\\\/uploads\\\/2022\\\/10\\\/muhtar-logo-150-1.png\",\"width\":150,\"height\":183,\"caption\":\"Muhtar Group\"},\"image\":{\"@id\":\"https:\\\/\\\/muhtarsweets.com\\\/en\\\/#\\\/schema\\\/logo\\\/image\\\/\"},\"sameAs\":[\"https:\\\/\\\/www.facebook.com\\\/muhtarsweets\",\"https:\\\/\\\/www.youtube.com\\\/channel\\\/UCF9PmNU1SL_8_M6Ih6mrmVQ\",\"https:\\\/\\\/www.instagram.com\\\/muhtarsweets\\\/\"]}]}<\/script>\n<!-- \/ Yoast SEO Premium plugin. -->","yoast_head_json":{"title":"Contact Us - Muhtar Sweets","robots":{"index":"index","follow":"follow","max-snippet":"max-snippet:-1","max-image-preview":"max-image-preview:large","max-video-preview":"max-video-preview:-1"},"canonical":"https:\/\/muhtarsweets.com\/en\/contact-us\/","og_locale":"en_US","og_type":"article","og_title":"Contact Us","og_description":"%","og_url":"https:\/\/muhtarsweets.com\/en\/contact-us\/","og_site_name":"Muhtar Sweets","article_publisher":"https:\/\/www.facebook.com\/muhtarsweets","article_modified_time":"2025-10-13T12:03:56+00:00","twitter_card":"summary_large_image","twitter_misc":{"Est. reading time":"17 minutes"},"schema":{"@context":"https:\/\/schema.org","@graph":[{"@type":"WebPage","@id":"https:\/\/muhtarsweets.com\/en\/contact-us\/","url":"https:\/\/muhtarsweets.com\/en\/contact-us\/","name":"Contact Us - Muhtar Sweets","isPartOf":{"@id":"https:\/\/muhtarsweets.com\/en\/#website"},"datePublished":"2018-12-12T13:02:32+00:00","dateModified":"2025-10-13T12:03:56+00:00","breadcrumb":{"@id":"https:\/\/muhtarsweets.com\/en\/contact-us\/#breadcrumb"},"inLanguage":"en-US","potentialAction":[{"@type":"ReadAction","target":["https:\/\/muhtarsweets.com\/en\/contact-us\/"]}]},{"@type":"BreadcrumbList","@id":"https:\/\/muhtarsweets.com\/en\/contact-us\/#breadcrumb","itemListElement":[{"@type":"ListItem","position":1,"name":"Home","item":"https:\/\/muhtarsweets.com\/en\/"},{"@type":"ListItem","position":2,"name":"Contact Us"}]},{"@type":"WebSite","@id":"https:\/\/muhtarsweets.com\/en\/#website","url":"https:\/\/muhtarsweets.com\/en\/","name":"Muhtar Sweets","description":"Quality and goodwill in work","publisher":{"@id":"https:\/\/muhtarsweets.com\/en\/#organization"},"potentialAction":[{"@type":"SearchAction","target":{"@type":"EntryPoint","urlTemplate":"https:\/\/muhtarsweets.com\/en\/?s={search_term_string}"},"query-input":{"@type":"PropertyValueSpecification","valueRequired":true,"valueName":"search_term_string"}}],"inLanguage":"en-US"},{"@type":"Organization","@id":"https:\/\/muhtarsweets.com\/en\/#organization","name":"Muhtar Group","url":"https:\/\/muhtarsweets.com\/en\/","logo":{"@type":"ImageObject","inLanguage":"en-US","@id":"https:\/\/muhtarsweets.com\/en\/#\/schema\/logo\/image\/","url":"https:\/\/muhtarsweets.com\/wp-content\/uploads\/2022\/10\/muhtar-logo-150-1.png","contentUrl":"https:\/\/muhtarsweets.com\/wp-content\/uploads\/2022\/10\/muhtar-logo-150-1.png","width":150,"height":183,"caption":"Muhtar Group"},"image":{"@id":"https:\/\/muhtarsweets.com\/en\/#\/schema\/logo\/image\/"},"sameAs":["https:\/\/www.facebook.com\/muhtarsweets","https:\/\/www.youtube.com\/channel\/UCF9PmNU1SL_8_M6Ih6mrmVQ","https:\/\/www.instagram.com\/muhtarsweets\/"]}]}},"_links":{"self":[{"href":"https:\/\/muhtarsweets.com\/en\/wp-json\/wp\/v2\/pages\/672","targetHints":{"allow":["GET"]}}],"collection":[{"href":"https:\/\/muhtarsweets.com\/en\/wp-json\/wp\/v2\/pages"}],"about":[{"href":"https:\/\/muhtarsweets.com\/en\/wp-json\/wp\/v2\/types\/page"}],"author":[{"embeddable":true,"href":"https:\/\/muhtarsweets.com\/en\/wp-json\/wp\/v2\/users\/1"}],"replies":[{"embeddable":true,"href":"https:\/\/muhtarsweets.com\/en\/wp-json\/wp\/v2\/comments?post=672"}],"version-history":[{"count":21,"href":"https:\/\/muhtarsweets.com\/en\/wp-json\/wp\/v2\/pages\/672\/revisions"}],"predecessor-version":[{"id":4546,"href":"https:\/\/muhtarsweets.com\/en\/wp-json\/wp\/v2\/pages\/672\/revisions\/4546"}],"wp:attachment":[{"href":"https:\/\/muhtarsweets.com\/en\/wp-json\/wp\/v2\/media?parent=672"}],"curies":[{"name":"wp","href":"https:\/\/api.w.org\/{rel}","templated":true}]}}